{"id":10413,"date":"2025-06-13T17:53:21","date_gmt":"2025-06-13T14:53:21","guid":{"rendered":"https:\/\/pngate.com\/product\/refrigerated-truck-side-view-red-cabin-white-trailer-free-png\/"},"modified":"2025-07-14T18:41:37","modified_gmt":"2025-07-14T15:41:37","slug":"refrigerated-truck-side-view-red-cabin-white-trailer-free-png","status":"publish","type":"product","link":"https:\/\/pngate.com\/de\/produkt\/refrigerated-truck-side-view-red-cabin-white-trailer-free-png\/","title":{"rendered":"K\u00fchlwagen Seitenansicht Rote Kabine Wei\u00dfer Anh\u00e4nger Kostenlose PNG"},"content":{"rendered":"","protected":false},"excerpt":{"rendered":"","protected":false},"featured_media":10412,"template":"","meta":{"om_disable_all_campaigns":false,"_monsterinsights_skip_tracking":false,"_monsterinsights_sitenote_active":false,"_monsterinsights_sitenote_note":"","_monsterinsights_sitenote_category":0,"_uf_show_specific_survey":0,"_uf_disable_surveys":false},"product_brand":[],"product_cat":[14,133,124],"product_tag":[5479,5481,1195,5477,5480,2740,5478],"class_list":{"0":"post-10413","1":"product","2":"type-product","3":"status-publish","4":"has-post-thumbnail","6":"product_cat-icons","7":"product_cat-cars-transport","8":"product_cat-clipart","9":"product_tag-delivery-truck","10":"product_tag-freight-transportation","11":"product_tag-logistics","12":"product_tag-refrigerated-truck","13":"product_tag-roadside-assistance","14":"product_tag-side-view","15":"product_tag-transport-vehicle","17":"first","18":"instock","19":"downloadable","20":"virtual","21":"purchasable","22":"product-type-simple"},"aioseo_notices":[],"_links":{"self":[{"href":"https:\/\/pngate.com\/de\/wp-json\/wp\/v2\/product\/10413","targetHints":{"allow":["GET"]}}],"collection":[{"href":"https:\/\/pngate.com\/de\/wp-json\/wp\/v2\/product"}],"about":[{"href":"https:\/\/pngate.com\/de\/wp-json\/wp\/v2\/types\/product"}],"version-history":[{"count":1,"href":"https:\/\/pngate.com\/de\/wp-json\/wp\/v2\/product\/10413\/revisions"}],"predecessor-version":[{"id":17698,"href":"https:\/\/pngate.com\/de\/wp-json\/wp\/v2\/product\/10413\/revisions\/17698"}],"wp:featuredmedia":[{"embeddable":true,"href":"https:\/\/pngate.com\/de\/wp-json\/wp\/v2\/media\/10412"}],"wp:attachment":[{"href":"https:\/\/pngate.com\/de\/wp-json\/wp\/v2\/media?parent=10413"}],"wp:term":[{"taxonomy":"product_brand","embeddable":true,"href":"https:\/\/pngate.com\/de\/wp-json\/wp\/v2\/product_brand?post=10413"},{"taxonomy":"product_cat","embeddable":true,"href":"https:\/\/pngate.com\/de\/wp-json\/wp\/v2\/product_cat?post=10413"},{"taxonomy":"product_tag","embeddable":true,"href":"https:\/\/pngate.com\/de\/wp-json\/wp\/v2\/product_tag?post=10413"}],"curies":[{"name":"wp","href":"https:\/\/api.w.org\/{rel}","templated":true}]}}