{"id":10560,"date":"2025-06-20T17:31:09","date_gmt":"2025-06-20T14:31:09","guid":{"rendered":"https:\/\/pngate.com\/product\/ashoka-the-great-full-figure-royal-portrait-free-png\/"},"modified":"2025-07-14T18:42:13","modified_gmt":"2025-07-14T15:42:13","slug":"ashoka-the-great-full-figure-royal-portrait-free-png","status":"publish","type":"product","link":"https:\/\/pngate.com\/de\/produkt\/ashoka-the-great-full-figure-royal-portrait-free-png\/","title":{"rendered":"Ashoka der Gro\u00dfe, vollst\u00e4ndiges k\u00f6nigliches Portr\u00e4t, kostenloses PNG"},"content":{"rendered":"","protected":false},"excerpt":{"rendered":"","protected":false},"featured_media":10559,"template":"","meta":{"om_disable_all_campaigns":false,"_monsterinsights_skip_tracking":false,"_monsterinsights_sitenote_active":false,"_monsterinsights_sitenote_note":"","_monsterinsights_sitenote_category":0,"_uf_show_specific_survey":0,"_uf_disable_surveys":false},"product_brand":[],"product_cat":[124,131,125,1386],"product_tag":[5569,1278,5571,5572,270,4788,5570,3828],"class_list":{"0":"post-10560","1":"product","2":"type-product","3":"status-publish","4":"has-post-thumbnail","6":"product_cat-clipart","7":"product_cat-figures","8":"product_cat-people","9":"product_cat-politics","10":"product_tag-ashoka","11":"product_tag-culture","12":"product_tag-historical-figure","13":"product_tag-indian-history","14":"product_tag-king","15":"product_tag-majestic","16":"product_tag-royal-portrait","17":"product_tag-transparency","19":"first","20":"instock","21":"downloadable","22":"virtual","23":"purchasable","24":"product-type-simple"},"aioseo_notices":[],"_links":{"self":[{"href":"https:\/\/pngate.com\/de\/wp-json\/wp\/v2\/product\/10560","targetHints":{"allow":["GET"]}}],"collection":[{"href":"https:\/\/pngate.com\/de\/wp-json\/wp\/v2\/product"}],"about":[{"href":"https:\/\/pngate.com\/de\/wp-json\/wp\/v2\/types\/product"}],"version-history":[{"count":1,"href":"https:\/\/pngate.com\/de\/wp-json\/wp\/v2\/product\/10560\/revisions"}],"predecessor-version":[{"id":17737,"href":"https:\/\/pngate.com\/de\/wp-json\/wp\/v2\/product\/10560\/revisions\/17737"}],"wp:featuredmedia":[{"embeddable":true,"href":"https:\/\/pngate.com\/de\/wp-json\/wp\/v2\/media\/10559"}],"wp:attachment":[{"href":"https:\/\/pngate.com\/de\/wp-json\/wp\/v2\/media?parent=10560"}],"wp:term":[{"taxonomy":"product_brand","embeddable":true,"href":"https:\/\/pngate.com\/de\/wp-json\/wp\/v2\/product_brand?post=10560"},{"taxonomy":"product_cat","embeddable":true,"href":"https:\/\/pngate.com\/de\/wp-json\/wp\/v2\/product_cat?post=10560"},{"taxonomy":"product_tag","embeddable":true,"href":"https:\/\/pngate.com\/de\/wp-json\/wp\/v2\/product_tag?post=10560"}],"curies":[{"name":"wp","href":"https:\/\/api.w.org\/{rel}","templated":true}]}}