{"id":1144,"date":"2023-09-07T14:11:04","date_gmt":"2023-09-07T11:11:04","guid":{"rendered":"https:\/?post_type=product&#038;p=1144"},"modified":"2025-04-06T19:14:35","modified_gmt":"2025-04-06T16:14:35","slug":"facebook-blue-circled-logo","status":"publish","type":"product","link":"https:\/\/pngate.com\/de\/produkt\/facebook-logo-im-blauen-kreis\/","title":{"rendered":"Facebook-Logo mit blauem Kreis"},"content":{"rendered":"","protected":false},"excerpt":{"rendered":"<p>Facebook-Logosymbol mit blauem Kreis \u2013 kostenlos herunterladen bei PNGate.com. Dieses PNG-Bild verf\u00fcgt \u00fcber einen transparenten Hintergrund, sodass es sich problemlos in Ihre Projekte integrieren l\u00e4sst. Kein Entfernen des Hintergrunds erforderlich! Unsere engagierten Designer bei PNGate erstellen st\u00e4ndig ClipArts auf dem neuesten Stand und liefern Ihnen die neuesten Designtrends direkt an die Hand. Werten Sie Ihre Kreationen mit diesem KOSTENLOSEN und qualitativ hochwertigen Bild mit transparentem Hintergrund auf. Unsere PNG-Bilder eignen sich hervorragend f\u00fcr Designer, Illustratoren, K\u00fcnstler, Gesch\u00e4ftsinhaber, Blogger und andere, die f\u00fcr ihre Arbeit Bilder mit transparentem Hintergrund ben\u00f6tigen. Verwandeln Sie Ihre Designs mit unserem kostenlosen Facebook-Logobild mit blauem Kreis!<\/p>","protected":false},"featured_media":1151,"template":"","meta":{"om_disable_all_campaigns":false,"_monsterinsights_skip_tracking":false,"_monsterinsights_sitenote_active":false,"_monsterinsights_sitenote_note":"","_monsterinsights_sitenote_category":0,"_uf_show_specific_survey":0,"_uf_disable_surveys":false},"product_brand":[],"product_cat":[14,129,130],"product_tag":[147,105,142,148],"class_list":{"0":"post-1144","1":"product","2":"type-product","3":"status-publish","4":"has-post-thumbnail","6":"product_cat-icons","7":"product_cat-logos","8":"product_cat-social-web","9":"product_tag-blue","10":"product_tag-circled","11":"product_tag-facebook","12":"product_tag-gradient","14":"first","15":"instock","16":"downloadable","17":"virtual","18":"purchasable","19":"product-type-simple"},"aioseo_notices":[],"_links":{"self":[{"href":"https:\/\/pngate.com\/de\/wp-json\/wp\/v2\/product\/1144","targetHints":{"allow":["GET"]}}],"collection":[{"href":"https:\/\/pngate.com\/de\/wp-json\/wp\/v2\/product"}],"about":[{"href":"https:\/\/pngate.com\/de\/wp-json\/wp\/v2\/types\/product"}],"version-history":[{"count":4,"href":"https:\/\/pngate.com\/de\/wp-json\/wp\/v2\/product\/1144\/revisions"}],"predecessor-version":[{"id":1198,"href":"https:\/\/pngate.com\/de\/wp-json\/wp\/v2\/product\/1144\/revisions\/1198"}],"wp:featuredmedia":[{"embeddable":true,"href":"https:\/\/pngate.com\/de\/wp-json\/wp\/v2\/media\/1151"}],"wp:attachment":[{"href":"https:\/\/pngate.com\/de\/wp-json\/wp\/v2\/media?parent=1144"}],"wp:term":[{"taxonomy":"product_brand","embeddable":true,"href":"https:\/\/pngate.com\/de\/wp-json\/wp\/v2\/product_brand?post=1144"},{"taxonomy":"product_cat","embeddable":true,"href":"https:\/\/pngate.com\/de\/wp-json\/wp\/v2\/product_cat?post=1144"},{"taxonomy":"product_tag","embeddable":true,"href":"https:\/\/pngate.com\/de\/wp-json\/wp\/v2\/product_tag?post=1144"}],"curies":[{"name":"wp","href":"https:\/\/api.w.org\/{rel}","templated":true}]}}