{"id":13243,"date":"2025-06-27T11:00:12","date_gmt":"2025-06-27T08:00:12","guid":{"rendered":"https:\/\/pngate.com\/product\/ivory-coast-round-flag-icon-orange-white-green-circle-free-png\/"},"modified":"2025-07-14T18:56:03","modified_gmt":"2025-07-14T15:56:03","slug":"ivory-coast-round-flag-icon-orange-white-green-circle-free-png","status":"publish","type":"product","link":"https:\/\/pngate.com\/de\/produkt\/ivory-coast-round-flag-icon-orange-white-green-circle-free-png\/","title":{"rendered":"Elfenbeink\u00fcste Runde Flagge Symbol Orange Wei\u00df Gr\u00fcn Kreis Kostenlose PNG"},"content":{"rendered":"","protected":false},"excerpt":{"rendered":"","protected":false},"featured_media":13242,"template":"","meta":{"om_disable_all_campaigns":false,"_monsterinsights_skip_tracking":false,"_monsterinsights_sitenote_active":false,"_monsterinsights_sitenote_note":"","_monsterinsights_sitenote_category":0,"_uf_show_specific_survey":0,"_uf_disable_surveys":false},"product_brand":[],"product_cat":[14,1931,1724],"product_tag":[225,1586,221,4198,737,949],"class_list":{"0":"post-13243","1":"product","2":"type-product","3":"status-publish","4":"has-post-thumbnail","6":"product_cat-icons","7":"product_cat-countries","8":"product_cat-flags","9":"product_tag-circle","10":"product_tag-colors","11":"product_tag-flag","12":"product_tag-ivory-coast","13":"product_tag-round","14":"product_tag-symbol","16":"first","17":"instock","18":"downloadable","19":"virtual","20":"purchasable","21":"product-type-simple"},"aioseo_notices":[],"_links":{"self":[{"href":"https:\/\/pngate.com\/de\/wp-json\/wp\/v2\/product\/13243","targetHints":{"allow":["GET"]}}],"collection":[{"href":"https:\/\/pngate.com\/de\/wp-json\/wp\/v2\/product"}],"about":[{"href":"https:\/\/pngate.com\/de\/wp-json\/wp\/v2\/types\/product"}],"version-history":[{"count":1,"href":"https:\/\/pngate.com\/de\/wp-json\/wp\/v2\/product\/13243\/revisions"}],"predecessor-version":[{"id":18604,"href":"https:\/\/pngate.com\/de\/wp-json\/wp\/v2\/product\/13243\/revisions\/18604"}],"wp:featuredmedia":[{"embeddable":true,"href":"https:\/\/pngate.com\/de\/wp-json\/wp\/v2\/media\/13242"}],"wp:attachment":[{"href":"https:\/\/pngate.com\/de\/wp-json\/wp\/v2\/media?parent=13243"}],"wp:term":[{"taxonomy":"product_brand","embeddable":true,"href":"https:\/\/pngate.com\/de\/wp-json\/wp\/v2\/product_brand?post=13243"},{"taxonomy":"product_cat","embeddable":true,"href":"https:\/\/pngate.com\/de\/wp-json\/wp\/v2\/product_cat?post=13243"},{"taxonomy":"product_tag","embeddable":true,"href":"https:\/\/pngate.com\/de\/wp-json\/wp\/v2\/product_tag?post=13243"}],"curies":[{"name":"wp","href":"https:\/\/api.w.org\/{rel}","templated":true}]}}