{"id":19259,"date":"2025-07-21T15:34:19","date_gmt":"2025-07-21T12:34:19","guid":{"rendered":"https:\/\/pngate.com\/product\/the-monsters-labubu-coca-cola-series-white-furry-toy-holiday-edition-free-png\/"},"modified":"2025-07-21T15:34:19","modified_gmt":"2025-07-21T12:34:19","slug":"the-monsters-labubu-coca-cola-series-white-furry-toy-holiday-edition-free-png","status":"publish","type":"product","link":"https:\/\/pngate.com\/de\/produkt\/the-monsters-labubu-coca-cola-series-white-furry-toy-holiday-edition-free-png\/","title":{"rendered":"Die Monster Labubu Coca-Cola Serie Wei\u00dfes Pelztier Holiday Edition Kostenlose PNG"},"content":{"rendered":"<p>Dieses entz\u00fcckende wei\u00dfe Pl\u00fcschtier f\u00e4ngt mit seinem charmanten Design und seinem verspielten Wesen die festliche Stimmung ein. Im festlichen Outfit h\u00e4lt es eine klassische Coca-Cola-Flasche und ist damit eine wunderbare Erg\u00e4nzung zur Dekoration oder als Geschenk. Das hochwertige Bild mit transparentem Hintergrund erm\u00f6glicht den vielseitigen Einsatz in verschiedenen kreativen Projekten. Perfekt f\u00fcr Sammler oder alle, die einen Hauch von Verspieltheit suchen.<\/p>","protected":false},"excerpt":{"rendered":"<p>This adorable white furry toy captures the festive spirit with its charming design and playful demeanor. Clad in a holiday outfit, it holds a classic Coca-Cola<span class=\"excerpt-hellip\"> [\u2026]<\/span><\/p>","protected":false},"featured_media":19258,"template":"","meta":{"om_disable_all_campaigns":false,"_monsterinsights_skip_tracking":false,"_monsterinsights_sitenote_active":false,"_monsterinsights_sitenote_note":"","_monsterinsights_sitenote_category":0,"_uf_show_specific_survey":0,"_uf_disable_surveys":false},"product_brand":[],"product_cat":[798,1709,128,1435],"product_tag":[386,1583,7265,7263,5568,1157,7264],"class_list":{"0":"post-19259","1":"product","2":"type-product","3":"status-publish","4":"has-post-thumbnail","6":"product_cat-cartoon-anime","7":"product_cat-christmas","8":"product_cat-holidays","9":"product_cat-toys","10":"product_tag-character","11":"product_tag-coca-cola","12":"product_tag-cute-toy","13":"product_tag-holiday-edition","14":"product_tag-labubu","15":"product_tag-plush","16":"product_tag-white-furry-toy","18":"first","19":"instock","20":"downloadable","21":"virtual","22":"purchasable","23":"product-type-simple"},"aioseo_notices":[],"_links":{"self":[{"href":"https:\/\/pngate.com\/de\/wp-json\/wp\/v2\/product\/19259","targetHints":{"allow":["GET"]}}],"collection":[{"href":"https:\/\/pngate.com\/de\/wp-json\/wp\/v2\/product"}],"about":[{"href":"https:\/\/pngate.com\/de\/wp-json\/wp\/v2\/types\/product"}],"version-history":[{"count":0,"href":"https:\/\/pngate.com\/de\/wp-json\/wp\/v2\/product\/19259\/revisions"}],"wp:featuredmedia":[{"embeddable":true,"href":"https:\/\/pngate.com\/de\/wp-json\/wp\/v2\/media\/19258"}],"wp:attachment":[{"href":"https:\/\/pngate.com\/de\/wp-json\/wp\/v2\/media?parent=19259"}],"wp:term":[{"taxonomy":"product_brand","embeddable":true,"href":"https:\/\/pngate.com\/de\/wp-json\/wp\/v2\/product_brand?post=19259"},{"taxonomy":"product_cat","embeddable":true,"href":"https:\/\/pngate.com\/de\/wp-json\/wp\/v2\/product_cat?post=19259"},{"taxonomy":"product_tag","embeddable":true,"href":"https:\/\/pngate.com\/de\/wp-json\/wp\/v2\/product_tag?post=19259"}],"curies":[{"name":"wp","href":"https:\/\/api.w.org\/{rel}","templated":true}]}}