{"id":19262,"date":"2025-07-21T15:39:43","date_gmt":"2025-07-21T12:39:43","guid":{"rendered":"https:\/\/pngate.com\/product\/plush-toy-bunny-ears-blue-overalls-cute-design-free-png\/"},"modified":"2025-07-21T15:53:21","modified_gmt":"2025-07-21T12:53:21","slug":"plush-toy-bunny-ears-blue-overalls-cute-design-free-png","status":"publish","type":"product","link":"https:\/\/pngate.com\/de\/produkt\/plush-toy-bunny-ears-blue-overalls-cute-design-free-png\/","title":{"rendered":"Labubu Pl\u00fcschtier Hasenohren Blauer Overall S\u00fc\u00dfes Design Kostenlose PNG"},"content":{"rendered":"<p>Dieses bezaubernde Labubu-Pl\u00fcschtier vereint mit seinen weichen Hasenohren und dem niedlichen blauen Overall Verspieltheit und W\u00e4rme. Es eignet sich perfekt zur Versch\u00f6nerung von Kinderzimmern oder als sch\u00f6nes Geschenk und zeigt eine Figur, die verspielte Unschuld ausstrahlt. Das Design verf\u00fcgt \u00fcber einen transparenten Hintergrund und ist somit vielseitig f\u00fcr verschiedene kreative Projekte im PNG-Format einsetzbar.<\/p>","protected":false},"excerpt":{"rendered":"<p>This charming Labubu plush toy combines whimsy and warmth with its soft bunny ears and adorable blue overalls. Perfect for enhancing children&#8217;s rooms or serving as<span class=\"excerpt-hellip\"> [\u2026]<\/span><\/p>","protected":false},"featured_media":19261,"template":"","meta":{"om_disable_all_campaigns":false,"_monsterinsights_skip_tracking":false,"_monsterinsights_sitenote_active":false,"_monsterinsights_sitenote_note":"","_monsterinsights_sitenote_category":0,"_uf_show_specific_survey":0,"_uf_disable_surveys":false},"product_brand":[],"product_cat":[1697,798,1435],"product_tag":[7268,7269,7266,7267,7270],"class_list":{"0":"post-19262","1":"product","2":"type-product","3":"status-publish","4":"has-post-thumbnail","6":"product_cat-baby-shower","7":"product_cat-cartoon-anime","8":"product_cat-toys","9":"product_tag-blue-overalls","10":"product_tag-bunny-ears","11":"product_tag-bunny-plush","12":"product_tag-cute-toys","13":"product_tag-plush-design","15":"first","16":"instock","17":"downloadable","18":"virtual","19":"purchasable","20":"product-type-simple"},"aioseo_notices":[],"_links":{"self":[{"href":"https:\/\/pngate.com\/de\/wp-json\/wp\/v2\/product\/19262","targetHints":{"allow":["GET"]}}],"collection":[{"href":"https:\/\/pngate.com\/de\/wp-json\/wp\/v2\/product"}],"about":[{"href":"https:\/\/pngate.com\/de\/wp-json\/wp\/v2\/types\/product"}],"version-history":[{"count":1,"href":"https:\/\/pngate.com\/de\/wp-json\/wp\/v2\/product\/19262\/revisions"}],"predecessor-version":[{"id":19263,"href":"https:\/\/pngate.com\/de\/wp-json\/wp\/v2\/product\/19262\/revisions\/19263"}],"wp:featuredmedia":[{"embeddable":true,"href":"https:\/\/pngate.com\/de\/wp-json\/wp\/v2\/media\/19261"}],"wp:attachment":[{"href":"https:\/\/pngate.com\/de\/wp-json\/wp\/v2\/media?parent=19262"}],"wp:term":[{"taxonomy":"product_brand","embeddable":true,"href":"https:\/\/pngate.com\/de\/wp-json\/wp\/v2\/product_brand?post=19262"},{"taxonomy":"product_cat","embeddable":true,"href":"https:\/\/pngate.com\/de\/wp-json\/wp\/v2\/product_cat?post=19262"},{"taxonomy":"product_tag","embeddable":true,"href":"https:\/\/pngate.com\/de\/wp-json\/wp\/v2\/product_tag?post=19262"}],"curies":[{"name":"wp","href":"https:\/\/api.w.org\/{rel}","templated":true}]}}