{"id":19278,"date":"2025-07-21T16:21:40","date_gmt":"2025-07-21T13:21:40","guid":{"rendered":"https:\/\/pngate.com\/product\/the-monsters-labubu-dress-be-latte-vinyl-plush-doll-free-png\/"},"modified":"2025-07-21T16:21:40","modified_gmt":"2025-07-21T13:21:40","slug":"the-monsters-labubu-dress-be-latte-vinyl-plush-doll-free-png","status":"publish","type":"product","link":"https:\/\/pngate.com\/de\/produkt\/the-monsters-labubu-dress-be-latte-vinyl-plush-doll-free-png\/","title":{"rendered":"Die Monster Labubu Dress Be Latte Vinyl Pl\u00fcschpuppe Kostenlose PNG"},"content":{"rendered":"<p>Dieses bezaubernde Bild zeigt eine kuschelige Pl\u00fcschpuppe in einem s\u00fc\u00dfen Hasenkost\u00fcm mit Schlappohren und kuscheliger M\u00fctze. Das charmante Design vermittelt W\u00e4rme und Verspieltheit und verleiht jedem Projekt einen Hauch von Verspieltheit. Das hochwertige Bild verf\u00fcgt \u00fcber einen transparenten Hintergrund und l\u00e4sst sich nahtlos in verschiedene Designs integrieren.<\/p>","protected":false},"excerpt":{"rendered":"<p>This enchanting image features a cuddly plush doll dressed in an adorable bunny outfit, complete with floppy ears and a cozy hat. The charming design evokes<span class=\"excerpt-hellip\"> [\u2026]<\/span><\/p>","protected":false},"featured_media":19277,"template":"","meta":{"om_disable_all_campaigns":false,"_monsterinsights_skip_tracking":false,"_monsterinsights_sitenote_active":false,"_monsterinsights_sitenote_note":"","_monsterinsights_sitenote_category":0,"_uf_show_specific_survey":0,"_uf_disable_surveys":false},"product_brand":[],"product_cat":[798,7282,7281,1435],"product_tag":[2295,7280,5568,1232,644,7279],"class_list":{"0":"post-19278","1":"product","2":"type-product","3":"status-publish","4":"has-post-thumbnail","6":"product_cat-cartoon-anime","7":"product_cat-cute-animals","8":"product_cat-plush-dolls","9":"product_cat-toys","10":"product_tag-cute-bunny","11":"product_tag-doll","12":"product_tag-labubu","13":"product_tag-monsters","14":"product_tag-toy","15":"product_tag-vinyl-plush","17":"first","18":"instock","19":"downloadable","20":"virtual","21":"purchasable","22":"product-type-simple"},"aioseo_notices":[],"_links":{"self":[{"href":"https:\/\/pngate.com\/de\/wp-json\/wp\/v2\/product\/19278","targetHints":{"allow":["GET"]}}],"collection":[{"href":"https:\/\/pngate.com\/de\/wp-json\/wp\/v2\/product"}],"about":[{"href":"https:\/\/pngate.com\/de\/wp-json\/wp\/v2\/types\/product"}],"version-history":[{"count":0,"href":"https:\/\/pngate.com\/de\/wp-json\/wp\/v2\/product\/19278\/revisions"}],"wp:featuredmedia":[{"embeddable":true,"href":"https:\/\/pngate.com\/de\/wp-json\/wp\/v2\/media\/19277"}],"wp:attachment":[{"href":"https:\/\/pngate.com\/de\/wp-json\/wp\/v2\/media?parent=19278"}],"wp:term":[{"taxonomy":"product_brand","embeddable":true,"href":"https:\/\/pngate.com\/de\/wp-json\/wp\/v2\/product_brand?post=19278"},{"taxonomy":"product_cat","embeddable":true,"href":"https:\/\/pngate.com\/de\/wp-json\/wp\/v2\/product_cat?post=19278"},{"taxonomy":"product_tag","embeddable":true,"href":"https:\/\/pngate.com\/de\/wp-json\/wp\/v2\/product_tag?post=19278"}],"curies":[{"name":"wp","href":"https:\/\/api.w.org\/{rel}","templated":true}]}}