{"id":19281,"date":"2025-07-21T16:42:49","date_gmt":"2025-07-21T13:42:49","guid":{"rendered":"https:\/\/pngate.com\/product\/ursinha-princesa-rosa-cute-teddy-bear-illustration-free-png\/"},"modified":"2025-07-21T16:42:49","modified_gmt":"2025-07-21T13:42:49","slug":"ursinha-princesa-rosa-cute-teddy-bear-illustration-free-png","status":"publish","type":"product","link":"https:\/\/pngate.com\/de\/produkt\/ursinha-princesa-rosa-cute-teddy-bear-illustration-free-png\/","title":{"rendered":"Ursinha Princesa Rosa S\u00fc\u00dfe Teddyb\u00e4r Illustration Kostenlose PNG"},"content":{"rendered":"<p>Diese bezaubernde Illustration zeigt einen s\u00fc\u00dfen Teddyb\u00e4ren in einem rosa gepunkteten Kleid mit einer funkelnden Prinzessinnen-Tiara. Sein fr\u00f6hlicher Ausdruck und die sanften Farben vermitteln ein Gef\u00fchl von W\u00e4rme und Freude und machen ihn perfekt f\u00fcr Kinderprojekte oder Feiern. Dank des hochwertigen transparenten Hintergrunds eignet sich dieses PNG vielseitig f\u00fcr Scrapbooking, Einladungen oder jedes andere verspielte Design, das Ihnen vorschwebt.<\/p>","protected":false},"excerpt":{"rendered":"<p>This adorable illustration features a cute teddy bear dressed in a pink polka dot dress and crowned with a sparkling princess tiara. Its cheerful expression and<span class=\"excerpt-hellip\"> [\u2026]<\/span><\/p>","protected":false},"featured_media":19280,"template":"","meta":{"om_disable_all_campaigns":false,"_monsterinsights_skip_tracking":false,"_monsterinsights_sitenote_active":false,"_monsterinsights_sitenote_note":"","_monsterinsights_sitenote_category":0,"_uf_show_specific_survey":0,"_uf_disable_surveys":false},"product_brand":[],"product_cat":[1697,798,1435],"product_tag":[7283,1444,842,7254,4723],"class_list":{"0":"post-19281","1":"product","2":"type-product","3":"status-publish","4":"has-post-thumbnail","6":"product_cat-baby-shower","7":"product_cat-cartoon-anime","8":"product_cat-toys","9":"product_tag-cute-teddy","10":"product_tag-pink-dress","11":"product_tag-princess","12":"product_tag-stuffed-animal","13":"product_tag-teddy-bear","15":"first","16":"instock","17":"downloadable","18":"virtual","19":"purchasable","20":"product-type-simple"},"aioseo_notices":[],"_links":{"self":[{"href":"https:\/\/pngate.com\/de\/wp-json\/wp\/v2\/product\/19281","targetHints":{"allow":["GET"]}}],"collection":[{"href":"https:\/\/pngate.com\/de\/wp-json\/wp\/v2\/product"}],"about":[{"href":"https:\/\/pngate.com\/de\/wp-json\/wp\/v2\/types\/product"}],"version-history":[{"count":0,"href":"https:\/\/pngate.com\/de\/wp-json\/wp\/v2\/product\/19281\/revisions"}],"wp:featuredmedia":[{"embeddable":true,"href":"https:\/\/pngate.com\/de\/wp-json\/wp\/v2\/media\/19280"}],"wp:attachment":[{"href":"https:\/\/pngate.com\/de\/wp-json\/wp\/v2\/media?parent=19281"}],"wp:term":[{"taxonomy":"product_brand","embeddable":true,"href":"https:\/\/pngate.com\/de\/wp-json\/wp\/v2\/product_brand?post=19281"},{"taxonomy":"product_cat","embeddable":true,"href":"https:\/\/pngate.com\/de\/wp-json\/wp\/v2\/product_cat?post=19281"},{"taxonomy":"product_tag","embeddable":true,"href":"https:\/\/pngate.com\/de\/wp-json\/wp\/v2\/product_tag?post=19281"}],"curies":[{"name":"wp","href":"https:\/\/api.w.org\/{rel}","templated":true}]}}