{"id":19311,"date":"2025-07-21T20:12:48","date_gmt":"2025-07-21T17:12:48","guid":{"rendered":"https:\/\/pngate.com\/product\/juneteenth-african-american-freedom-celebration-flag-free-png\/"},"modified":"2025-07-21T20:12:48","modified_gmt":"2025-07-21T17:12:48","slug":"juneteenth-african-american-freedom-celebration-flag-free-png","status":"publish","type":"product","link":"https:\/\/pngate.com\/de\/produkt\/juneteenth-african-american-freedom-celebration-flag-free-png\/","title":{"rendered":"Flagge der afroamerikanischen Freiheitsfeier am Juneteenth, kostenloses PNG"},"content":{"rendered":"<p>Feiern Sie die Bedeutung des Juneteenth mit diesem lebendigen Bild mit einzigartigem Flaggendesign. Die Farben und Symbole verk\u00f6rpern das afroamerikanische Erbe und die Freude an der Freiheit und eignen sich perfekt f\u00fcr Gedenkveranstaltungen, Lehrmaterialien oder pers\u00f6nliche Projekte. Dank transparentem Hintergrund und im PNG-Format l\u00e4sst es sich m\u00fchelos und wirkungsvoll in jedes Design oder jede Botschaft integrieren.<\/p>","protected":false},"excerpt":{"rendered":"<p>Celebrate the significance of Juneteenth with this vibrant image featuring a unique flag design. The colors and symbols encapsulate African American heritage and the joy of<span class=\"excerpt-hellip\"> [\u2026]<\/span><\/p>","protected":false},"featured_media":19310,"template":"","meta":{"om_disable_all_campaigns":false,"_monsterinsights_skip_tracking":false,"_monsterinsights_sitenote_active":false,"_monsterinsights_sitenote_note":"","_monsterinsights_sitenote_category":0,"_uf_show_specific_survey":0,"_uf_disable_surveys":false},"product_brand":[],"product_cat":[1724,128,125,1386],"product_tag":[7302,1239,3983,4154,7301],"class_list":{"0":"post-19311","1":"product","2":"type-product","3":"status-publish","4":"has-post-thumbnail","6":"product_cat-flags","7":"product_cat-holidays","8":"product_cat-people","9":"product_cat-politics","10":"product_tag-african-american","11":"product_tag-celebration","12":"product_tag-colorful-flag","13":"product_tag-freedom","14":"product_tag-juneteenth","16":"first","17":"instock","18":"downloadable","19":"virtual","20":"purchasable","21":"product-type-simple"},"aioseo_notices":[],"_links":{"self":[{"href":"https:\/\/pngate.com\/de\/wp-json\/wp\/v2\/product\/19311","targetHints":{"allow":["GET"]}}],"collection":[{"href":"https:\/\/pngate.com\/de\/wp-json\/wp\/v2\/product"}],"about":[{"href":"https:\/\/pngate.com\/de\/wp-json\/wp\/v2\/types\/product"}],"version-history":[{"count":0,"href":"https:\/\/pngate.com\/de\/wp-json\/wp\/v2\/product\/19311\/revisions"}],"wp:featuredmedia":[{"embeddable":true,"href":"https:\/\/pngate.com\/de\/wp-json\/wp\/v2\/media\/19310"}],"wp:attachment":[{"href":"https:\/\/pngate.com\/de\/wp-json\/wp\/v2\/media?parent=19311"}],"wp:term":[{"taxonomy":"product_brand","embeddable":true,"href":"https:\/\/pngate.com\/de\/wp-json\/wp\/v2\/product_brand?post=19311"},{"taxonomy":"product_cat","embeddable":true,"href":"https:\/\/pngate.com\/de\/wp-json\/wp\/v2\/product_cat?post=19311"},{"taxonomy":"product_tag","embeddable":true,"href":"https:\/\/pngate.com\/de\/wp-json\/wp\/v2\/product_tag?post=19311"}],"curies":[{"name":"wp","href":"https:\/\/api.w.org\/{rel}","templated":true}]}}