{"id":19315,"date":"2025-07-21T20:54:41","date_gmt":"2025-07-21T17:54:41","guid":{"rendered":"https:\/\/pngate.com\/product\/kit-display-de-chao-tema-ursinha-princesa-coroa-rosa-free-png\/"},"modified":"2025-07-21T20:54:41","modified_gmt":"2025-07-21T17:54:41","slug":"kit-display-de-chao-tema-ursinha-princesa-coroa-rosa-free-png","status":"publish","type":"product","link":"https:\/\/pngate.com\/de\/produkt\/kit-display-de-chao-tema-ursinha-princesa-coroa-rosa-free-png\/","title":{"rendered":"Kit Display De Ch\u00e3o Tema Ursinha Princesa Coroa Rosa Free PNG"},"content":{"rendered":"<p>Dieses entz\u00fcckende Bild zeigt bezaubernde B\u00e4renprinzessinnen mit goldenen Kronen und verspr\u00fcht einen verspielten Charme \u2013 perfekt f\u00fcr eine Babyparty oder Kinderparty. Ihre verspielten Ausdr\u00fccke und rosa Kleider vermitteln Freude und S\u00fc\u00dfe und laden zu kreativer Eventdekoration ein. Dank des hochwertigen transparenten Hintergrunds im PNG-Format l\u00e4sst es sich leicht in verschiedene Designs integrieren und unterstreicht die festliche Atmosph\u00e4re der Feier.<\/p>","protected":false},"excerpt":{"rendered":"<p>This delightful image features adorable bear princesses adorned with golden crowns, encapsulating a whimsical charm perfect for a baby shower or children&#8217;s party. Their playful expressions<span class=\"excerpt-hellip\"> [\u2026]<\/span><\/p>","protected":false},"featured_media":19314,"template":"","meta":{"om_disable_all_campaigns":false,"_monsterinsights_skip_tracking":false,"_monsterinsights_sitenote_active":false,"_monsterinsights_sitenote_note":"","_monsterinsights_sitenote_category":0,"_uf_show_specific_survey":0,"_uf_disable_surveys":false},"product_brand":[],"product_cat":[1697,1700,798,1435],"product_tag":[7308,7305,7307,7306,7304,7303],"class_list":{"0":"post-19315","1":"product","2":"type-product","3":"status-publish","4":"has-post-thumbnail","6":"product_cat-baby-shower","7":"product_cat-birthday","8":"product_cat-cartoon-anime","9":"product_cat-toys","10":"product_tag-bebe","11":"product_tag-coroa","12":"product_tag-decoracao","13":"product_tag-festa-infantil","14":"product_tag-princesa","15":"product_tag-ursinha","17":"first","18":"instock","19":"downloadable","20":"virtual","21":"purchasable","22":"product-type-simple"},"aioseo_notices":[],"_links":{"self":[{"href":"https:\/\/pngate.com\/de\/wp-json\/wp\/v2\/product\/19315","targetHints":{"allow":["GET"]}}],"collection":[{"href":"https:\/\/pngate.com\/de\/wp-json\/wp\/v2\/product"}],"about":[{"href":"https:\/\/pngate.com\/de\/wp-json\/wp\/v2\/types\/product"}],"version-history":[{"count":0,"href":"https:\/\/pngate.com\/de\/wp-json\/wp\/v2\/product\/19315\/revisions"}],"wp:featuredmedia":[{"embeddable":true,"href":"https:\/\/pngate.com\/de\/wp-json\/wp\/v2\/media\/19314"}],"wp:attachment":[{"href":"https:\/\/pngate.com\/de\/wp-json\/wp\/v2\/media?parent=19315"}],"wp:term":[{"taxonomy":"product_brand","embeddable":true,"href":"https:\/\/pngate.com\/de\/wp-json\/wp\/v2\/product_brand?post=19315"},{"taxonomy":"product_cat","embeddable":true,"href":"https:\/\/pngate.com\/de\/wp-json\/wp\/v2\/product_cat?post=19315"},{"taxonomy":"product_tag","embeddable":true,"href":"https:\/\/pngate.com\/de\/wp-json\/wp\/v2\/product_tag?post=19315"}],"curies":[{"name":"wp","href":"https:\/\/api.w.org\/{rel}","templated":true}]}}