{"id":19324,"date":"2025-07-21T21:50:13","date_gmt":"2025-07-21T18:50:13","guid":{"rendered":"https:\/\/pngate.com\/product\/labubu-exciting-macaron-vinyl-face-pink-furry-keychain-free-png\/"},"modified":"2025-07-21T21:50:13","modified_gmt":"2025-07-21T18:50:13","slug":"labubu-exciting-macaron-vinyl-face-pink-furry-keychain-free-png","status":"publish","type":"product","link":"https:\/\/pngate.com\/de\/produkt\/labubu-exciting-macaron-vinyl-face-pink-furry-keychain-free-png\/","title":{"rendered":"Labubu Aufregender Macaron Vinyl Face Pink Furry Schl\u00fcsselanh\u00e4nger Kostenloses PNG"},"content":{"rendered":"<p>Dieses bezaubernde Schl\u00fcsselanh\u00e4nger-Spielzeug zeigt eine skurrile rosa Fellfigur mit s\u00fc\u00dfen, ausdrucksstarken Augen und Hasenohren. Sein verspieltes Design verleiht Ihren Accessoires einen Hauch von Spa\u00df und eignet sich perfekt zum Versch\u00f6nern von Taschen oder Schl\u00fcsseln. Dank transparentem Hintergrund und hochwertigem PNG-Format eignet es sich ideal f\u00fcr verschiedene kreative Projekte oder zum Personalisieren von Geschenken.<\/p>","protected":false},"excerpt":{"rendered":"<p>This adorable keychain toy features a whimsical pink furry character with cute expressive eyes and bunny ears. Its playful design adds a touch of fun to<span class=\"excerpt-hellip\"> [\u2026]<\/span><\/p>","protected":false},"featured_media":19323,"template":"","meta":{"om_disable_all_campaigns":false,"_monsterinsights_skip_tracking":false,"_monsterinsights_sitenote_active":false,"_monsterinsights_sitenote_note":"","_monsterinsights_sitenote_category":0,"_uf_show_specific_survey":0,"_uf_disable_surveys":false},"product_brand":[],"product_cat":[798,344,1733,1435],"product_tag":[7315,7314,5568,7313,169,644],"class_list":{"0":"post-19324","1":"product","2":"type-product","3":"status-publish","4":"has-post-thumbnail","6":"product_cat-cartoon-anime","7":"product_cat-food","8":"product_cat-gifts","9":"product_cat-toys","10":"product_tag-furry","11":"product_tag-keychain","12":"product_tag-labubu","13":"product_tag-macaron","14":"product_tag-pink","15":"product_tag-toy","17":"first","18":"instock","19":"downloadable","20":"virtual","21":"purchasable","22":"product-type-simple"},"aioseo_notices":[],"_links":{"self":[{"href":"https:\/\/pngate.com\/de\/wp-json\/wp\/v2\/product\/19324","targetHints":{"allow":["GET"]}}],"collection":[{"href":"https:\/\/pngate.com\/de\/wp-json\/wp\/v2\/product"}],"about":[{"href":"https:\/\/pngate.com\/de\/wp-json\/wp\/v2\/types\/product"}],"version-history":[{"count":0,"href":"https:\/\/pngate.com\/de\/wp-json\/wp\/v2\/product\/19324\/revisions"}],"wp:featuredmedia":[{"embeddable":true,"href":"https:\/\/pngate.com\/de\/wp-json\/wp\/v2\/media\/19323"}],"wp:attachment":[{"href":"https:\/\/pngate.com\/de\/wp-json\/wp\/v2\/media?parent=19324"}],"wp:term":[{"taxonomy":"product_brand","embeddable":true,"href":"https:\/\/pngate.com\/de\/wp-json\/wp\/v2\/product_brand?post=19324"},{"taxonomy":"product_cat","embeddable":true,"href":"https:\/\/pngate.com\/de\/wp-json\/wp\/v2\/product_cat?post=19324"},{"taxonomy":"product_tag","embeddable":true,"href":"https:\/\/pngate.com\/de\/wp-json\/wp\/v2\/product_tag?post=19324"}],"curies":[{"name":"wp","href":"https:\/\/api.w.org\/{rel}","templated":true}]}}