{"id":19547,"date":"2025-07-27T06:07:23","date_gmt":"2025-07-27T03:07:23","guid":{"rendered":"https:\/\/pngate.com\/product\/among-us-crewmate-pack-with-hats-and-accessories-free-png\/"},"modified":"2025-07-27T06:07:23","modified_gmt":"2025-07-27T03:07:23","slug":"among-us-crewmate-pack-with-hats-and-accessories-free-png","status":"publish","type":"product","link":"https:\/\/pngate.com\/de\/produkt\/among-us-crewmate-pack-with-hats-and-accessories-free-png\/","title":{"rendered":"Unter uns Crewmate Pack mit H\u00fcten und Accessoires Kostenlose PNG"},"content":{"rendered":"<p>Entdecken Sie eine bezaubernde Sammlung von Crewmitgliedern, geschm\u00fcckt mit farbenfrohen H\u00fcten und lustigen Accessoires. Dieses hochwertige Bild mit verspieltem Raster-Layout verleiht Ihren Projekten oder Spielen Charakter. Dank des transparenten Hintergrunds l\u00e4sst sich jedes Element problemlos in verschiedene Designs integrieren und f\u00f6rdert so Ihre Kreativit\u00e4t ungehindert. Das PNG-Format sorgt f\u00fcr gestochen scharfe Details und Vielseitigkeit.<\/p>","protected":false},"excerpt":{"rendered":"<p>Explore a delightful collection of crewmates adorned with vibrant hats and fun accessories. This high-quality image features a playful grid layout, perfect for adding character to<span class=\"excerpt-hellip\"> [\u2026]<\/span><\/p>","protected":false},"featured_media":19546,"template":"","meta":{"om_disable_all_campaigns":false,"_monsterinsights_skip_tracking":false,"_monsterinsights_sitenote_active":false,"_monsterinsights_sitenote_note":"","_monsterinsights_sitenote_category":0,"_uf_show_specific_survey":0,"_uf_disable_surveys":false},"product_brand":[],"product_cat":[798,135,14],"product_tag":[1826,7430,683,7431,727,2495],"class_list":{"0":"post-19547","1":"product","2":"type-product","3":"status-publish","4":"has-post-thumbnail","6":"product_cat-cartoon-anime","7":"product_cat-gaming","8":"product_cat-icons","9":"product_tag-accessories","10":"product_tag-among-us","11":"product_tag-characters","12":"product_tag-crewmates","13":"product_tag-gaming","14":"product_tag-hats","16":"first","17":"instock","18":"downloadable","19":"virtual","20":"purchasable","21":"product-type-simple"},"aioseo_notices":[],"_links":{"self":[{"href":"https:\/\/pngate.com\/de\/wp-json\/wp\/v2\/product\/19547","targetHints":{"allow":["GET"]}}],"collection":[{"href":"https:\/\/pngate.com\/de\/wp-json\/wp\/v2\/product"}],"about":[{"href":"https:\/\/pngate.com\/de\/wp-json\/wp\/v2\/types\/product"}],"version-history":[{"count":0,"href":"https:\/\/pngate.com\/de\/wp-json\/wp\/v2\/product\/19547\/revisions"}],"wp:featuredmedia":[{"embeddable":true,"href":"https:\/\/pngate.com\/de\/wp-json\/wp\/v2\/media\/19546"}],"wp:attachment":[{"href":"https:\/\/pngate.com\/de\/wp-json\/wp\/v2\/media?parent=19547"}],"wp:term":[{"taxonomy":"product_brand","embeddable":true,"href":"https:\/\/pngate.com\/de\/wp-json\/wp\/v2\/product_brand?post=19547"},{"taxonomy":"product_cat","embeddable":true,"href":"https:\/\/pngate.com\/de\/wp-json\/wp\/v2\/product_cat?post=19547"},{"taxonomy":"product_tag","embeddable":true,"href":"https:\/\/pngate.com\/de\/wp-json\/wp\/v2\/product_tag?post=19547"}],"curies":[{"name":"wp","href":"https:\/\/api.w.org\/{rel}","templated":true}]}}