{"id":19556,"date":"2025-07-27T08:22:22","date_gmt":"2025-07-27T05:22:22","guid":{"rendered":"https:\/\/pngate.com\/product\/blue-and-white-gasoline-chainsaw-for-any-project-free-png\/"},"modified":"2025-07-27T08:22:22","modified_gmt":"2025-07-27T05:22:22","slug":"blue-and-white-gasoline-chainsaw-for-any-project-free-png","status":"publish","type":"product","link":"https:\/\/pngate.com\/de\/produkt\/blue-and-white-gasoline-chainsaw-for-any-project-free-png\/","title":{"rendered":"Blau-wei\u00dfe Benzin-Kettens\u00e4ge f\u00fcr jedes Projekt Kostenlose PNG"},"content":{"rendered":"<p>This high-quality PNG features a blue and white gasoline chainsaw resting on a soft shadow, showcasing its robust design. The transparent background allows for easy integration into various projects. Perfect for representing power tools or outdoor activities, it captures the essence of efficiency while blending seamlessly with any creative use.<\/p>","protected":false},"excerpt":{"rendered":"<p>This high-quality PNG features a blue and white gasoline chainsaw resting on a soft shadow, showcasing its robust design. The transparent background allows for easy integration<span class=\"excerpt-hellip\"> [\u2026]<\/span><\/p>","protected":false},"featured_media":19555,"template":"","meta":{"om_disable_all_campaigns":false,"_monsterinsights_skip_tracking":false,"_monsterinsights_sitenote_active":false,"_monsterinsights_sitenote_note":"","_monsterinsights_sitenote_category":0,"_uf_show_specific_survey":0,"_uf_disable_surveys":false},"product_brand":[],"product_cat":[1334,1783],"product_tag":[5696,7415,1332,7434,7435,1037],"class_list":{"0":"post-19556","1":"product","2":"type-product","3":"status-publish","4":"has-post-thumbnail","6":"product_cat-industry-and-equipment","7":"product_cat-tools","8":"product_tag-blue-white","9":"product_tag-chainsaw","10":"product_tag-equipment","11":"product_tag-gasoline","12":"product_tag-power-tools","13":"product_tag-tools","15":"first","16":"instock","17":"downloadable","18":"virtual","19":"purchasable","20":"product-type-simple"},"aioseo_notices":[],"_links":{"self":[{"href":"https:\/\/pngate.com\/de\/wp-json\/wp\/v2\/product\/19556","targetHints":{"allow":["GET"]}}],"collection":[{"href":"https:\/\/pngate.com\/de\/wp-json\/wp\/v2\/product"}],"about":[{"href":"https:\/\/pngate.com\/de\/wp-json\/wp\/v2\/types\/product"}],"version-history":[{"count":0,"href":"https:\/\/pngate.com\/de\/wp-json\/wp\/v2\/product\/19556\/revisions"}],"wp:featuredmedia":[{"embeddable":true,"href":"https:\/\/pngate.com\/de\/wp-json\/wp\/v2\/media\/19555"}],"wp:attachment":[{"href":"https:\/\/pngate.com\/de\/wp-json\/wp\/v2\/media?parent=19556"}],"wp:term":[{"taxonomy":"product_brand","embeddable":true,"href":"https:\/\/pngate.com\/de\/wp-json\/wp\/v2\/product_brand?post=19556"},{"taxonomy":"product_cat","embeddable":true,"href":"https:\/\/pngate.com\/de\/wp-json\/wp\/v2\/product_cat?post=19556"},{"taxonomy":"product_tag","embeddable":true,"href":"https:\/\/pngate.com\/de\/wp-json\/wp\/v2\/product_tag?post=19556"}],"curies":[{"name":"wp","href":"https:\/\/api.w.org\/{rel}","templated":true}]}}