{"id":2409,"date":"2023-11-09T15:36:25","date_gmt":"2023-11-09T12:36:25","guid":{"rendered":"https:\/?post_type=product&#038;p=2409"},"modified":"2025-07-14T18:06:45","modified_gmt":"2025-07-14T15:06:45","slug":"3-white-jars-for-capsules-and-tablets-free-mockup","status":"publish","type":"product","link":"https:\/\/pngate.com\/de\/produkt\/3-white-jars-for-capsules-and-tablets-free-mockup\/","title":{"rendered":"3 wei\u00dfe Gl\u00e4ser f\u00fcr Kapseln und Tabletten \u2013 kostenloses Modell"},"content":{"rendered":"","protected":false},"excerpt":{"rendered":"","protected":false},"featured_media":2411,"template":"","meta":{"om_disable_all_campaigns":false,"_monsterinsights_skip_tracking":false,"_monsterinsights_sitenote_active":false,"_monsterinsights_sitenote_note":"","_monsterinsights_sitenote_category":0,"_uf_show_specific_survey":0,"_uf_disable_surveys":false},"product_brand":[],"product_cat":[124,1740,1478],"product_tag":[341,517,241,518,516],"class_list":{"0":"post-2409","1":"product","2":"type-product","3":"status-publish","4":"has-post-thumbnail","6":"product_cat-clipart","7":"product_cat-kitchenware","8":"product_cat-mockups","9":"product_tag-bottle","10":"product_tag-capsules","11":"product_tag-mockup","12":"product_tag-tablets","13":"product_tag-white-jars","15":"first","16":"instock","17":"downloadable","18":"virtual","19":"purchasable","20":"product-type-simple"},"aioseo_notices":[],"_links":{"self":[{"href":"https:\/\/pngate.com\/de\/wp-json\/wp\/v2\/product\/2409","targetHints":{"allow":["GET"]}}],"collection":[{"href":"https:\/\/pngate.com\/de\/wp-json\/wp\/v2\/product"}],"about":[{"href":"https:\/\/pngate.com\/de\/wp-json\/wp\/v2\/types\/product"}],"version-history":[{"count":2,"href":"https:\/\/pngate.com\/de\/wp-json\/wp\/v2\/product\/2409\/revisions"}],"predecessor-version":[{"id":15627,"href":"https:\/\/pngate.com\/de\/wp-json\/wp\/v2\/product\/2409\/revisions\/15627"}],"wp:featuredmedia":[{"embeddable":true,"href":"https:\/\/pngate.com\/de\/wp-json\/wp\/v2\/media\/2411"}],"wp:attachment":[{"href":"https:\/\/pngate.com\/de\/wp-json\/wp\/v2\/media?parent=2409"}],"wp:term":[{"taxonomy":"product_brand","embeddable":true,"href":"https:\/\/pngate.com\/de\/wp-json\/wp\/v2\/product_brand?post=2409"},{"taxonomy":"product_cat","embeddable":true,"href":"https:\/\/pngate.com\/de\/wp-json\/wp\/v2\/product_cat?post=2409"},{"taxonomy":"product_tag","embeddable":true,"href":"https:\/\/pngate.com\/de\/wp-json\/wp\/v2\/product_tag?post=2409"}],"curies":[{"name":"wp","href":"https:\/\/api.w.org\/{rel}","templated":true}]}}