{"id":4414,"date":"2025-03-21T07:06:52","date_gmt":"2025-03-21T04:06:52","guid":{"rendered":"https:\/\/pngate.com\/?post_type=product&#038;p=4414"},"modified":"2025-07-14T18:13:27","modified_gmt":"2025-07-14T15:13:27","slug":"kuromi-sleeping-cutely-png-for-your-creative-projects-free-png","status":"publish","type":"product","link":"https:\/\/pngate.com\/de\/produkt\/kuromi-sleeping-cutely-png-for-your-creative-projects-free-png\/","title":{"rendered":"Kuromi schl\u00e4ft s\u00fc\u00df PNG f\u00fcr Ihre kreativen Projekte Kostenloses PNG"},"content":{"rendered":"","protected":false},"excerpt":{"rendered":"","protected":false},"featured_media":4413,"template":"","meta":{"om_disable_all_campaigns":false,"_monsterinsights_skip_tracking":false,"_monsterinsights_sitenote_active":false,"_monsterinsights_sitenote_note":"","_monsterinsights_sitenote_category":0,"_uf_show_specific_survey":0,"_uf_disable_surveys":false},"product_brand":[],"product_cat":[123,798,124,2004],"product_tag":[1129,385,386,200,1125,1430,1431,112],"class_list":{"0":"post-4414","1":"product","2":"type-product","3":"status-publish","4":"has-post-thumbnail","6":"product_cat-animals","7":"product_cat-cartoon-anime","8":"product_cat-clipart","9":"product_cat-kawaii","10":"product_tag-anime","11":"product_tag-art","12":"product_tag-character","13":"product_tag-cute","14":"product_tag-kawaii","15":"product_tag-kuromi","16":"product_tag-pastel","17":"product_tag-sleeping","19":"first","20":"instock","21":"downloadable","22":"virtual","23":"purchasable","24":"product-type-simple"},"aioseo_notices":[],"_links":{"self":[{"href":"https:\/\/pngate.com\/de\/wp-json\/wp\/v2\/product\/4414","targetHints":{"allow":["GET"]}}],"collection":[{"href":"https:\/\/pngate.com\/de\/wp-json\/wp\/v2\/product"}],"about":[{"href":"https:\/\/pngate.com\/de\/wp-json\/wp\/v2\/types\/product"}],"version-history":[{"count":2,"href":"https:\/\/pngate.com\/de\/wp-json\/wp\/v2\/product\/4414\/revisions"}],"predecessor-version":[{"id":16025,"href":"https:\/\/pngate.com\/de\/wp-json\/wp\/v2\/product\/4414\/revisions\/16025"}],"wp:featuredmedia":[{"embeddable":true,"href":"https:\/\/pngate.com\/de\/wp-json\/wp\/v2\/media\/4413"}],"wp:attachment":[{"href":"https:\/\/pngate.com\/de\/wp-json\/wp\/v2\/media?parent=4414"}],"wp:term":[{"taxonomy":"product_brand","embeddable":true,"href":"https:\/\/pngate.com\/de\/wp-json\/wp\/v2\/product_brand?post=4414"},{"taxonomy":"product_cat","embeddable":true,"href":"https:\/\/pngate.com\/de\/wp-json\/wp\/v2\/product_cat?post=4414"},{"taxonomy":"product_tag","embeddable":true,"href":"https:\/\/pngate.com\/de\/wp-json\/wp\/v2\/product_tag?post=4414"}],"curies":[{"name":"wp","href":"https:\/\/api.w.org\/{rel}","templated":true}]}}