{"id":5621,"date":"2025-04-16T16:16:45","date_gmt":"2025-04-16T13:16:45","guid":{"rendered":"https:\/\/pngate.com\/product\/close-icon-set-for-ui-and-popups-free-png\/"},"modified":"2025-07-14T18:17:32","modified_gmt":"2025-07-14T15:17:32","slug":"close-icon-set-for-ui-and-popups-free-png","status":"publish","type":"product","link":"https:\/\/pngate.com\/de\/produkt\/close-icon-set-for-ui-and-popups-free-png\/","title":{"rendered":"Schlie\u00dfen-Symbolsatz f\u00fcr Benutzeroberfl\u00e4che und Popups Kostenloses PNG"},"content":{"rendered":"","protected":false},"excerpt":{"rendered":"","protected":false},"featured_media":5620,"template":"","meta":{"om_disable_all_campaigns":false,"_monsterinsights_skip_tracking":false,"_monsterinsights_sitenote_active":false,"_monsterinsights_sitenote_note":"","_monsterinsights_sitenote_category":0,"_uf_show_specific_survey":0,"_uf_disable_surveys":false},"product_brand":[],"product_cat":[1706,14,130],"product_tag":[2277,2275,928,954,2276,653,1106,2278],"class_list":{"0":"post-5621","1":"product","2":"type-product","3":"status-publish","4":"has-post-thumbnail","6":"product_cat-buttons-ui","7":"product_cat-icons","8":"product_cat-social-web","9":"product_tag-buttons","10":"product_tag-cross-marks","11":"product_tag-high-quality","12":"product_tag-minimalistic","13":"product_tag-popups","14":"product_tag-transparent-background","15":"product_tag-user-interface","16":"product_tag-ux-design","18":"first","19":"instock","20":"downloadable","21":"virtual","22":"purchasable","23":"product-type-simple"},"aioseo_notices":[],"_links":{"self":[{"href":"https:\/\/pngate.com\/de\/wp-json\/wp\/v2\/product\/5621","targetHints":{"allow":["GET"]}}],"collection":[{"href":"https:\/\/pngate.com\/de\/wp-json\/wp\/v2\/product"}],"about":[{"href":"https:\/\/pngate.com\/de\/wp-json\/wp\/v2\/types\/product"}],"version-history":[{"count":1,"href":"https:\/\/pngate.com\/de\/wp-json\/wp\/v2\/product\/5621\/revisions"}],"predecessor-version":[{"id":16264,"href":"https:\/\/pngate.com\/de\/wp-json\/wp\/v2\/product\/5621\/revisions\/16264"}],"wp:featuredmedia":[{"embeddable":true,"href":"https:\/\/pngate.com\/de\/wp-json\/wp\/v2\/media\/5620"}],"wp:attachment":[{"href":"https:\/\/pngate.com\/de\/wp-json\/wp\/v2\/media?parent=5621"}],"wp:term":[{"taxonomy":"product_brand","embeddable":true,"href":"https:\/\/pngate.com\/de\/wp-json\/wp\/v2\/product_brand?post=5621"},{"taxonomy":"product_cat","embeddable":true,"href":"https:\/\/pngate.com\/de\/wp-json\/wp\/v2\/product_cat?post=5621"},{"taxonomy":"product_tag","embeddable":true,"href":"https:\/\/pngate.com\/de\/wp-json\/wp\/v2\/product_tag?post=5621"}],"curies":[{"name":"wp","href":"https:\/\/api.w.org\/{rel}","templated":true}]}}