{"id":6178,"date":"2025-04-30T12:19:53","date_gmt":"2025-04-30T09:19:53","guid":{"rendered":"https:\/\/pngate.com\/product\/cute-cartoon-cat-with-big-round-eyes-friendly-mood-free-png\/"},"modified":"2025-07-14T18:20:28","modified_gmt":"2025-07-14T15:20:28","slug":"cute-cartoon-cat-with-big-round-eyes-friendly-mood-free-png","status":"publish","type":"product","link":"https:\/\/pngate.com\/de\/produkt\/cute-cartoon-cat-with-big-round-eyes-friendly-mood-free-png\/","title":{"rendered":"S\u00fc\u00dfe Cartoon-Katze mit gro\u00dfen runden Augen, freundliche Stimmung, kostenloses PNG"},"content":{"rendered":"","protected":false},"excerpt":{"rendered":"","protected":false},"featured_media":6177,"template":"","meta":{"om_disable_all_campaigns":false,"_monsterinsights_skip_tracking":false,"_monsterinsights_sitenote_active":false,"_monsterinsights_sitenote_note":"","_monsterinsights_sitenote_category":0,"_uf_show_specific_survey":0,"_uf_disable_surveys":false},"product_brand":[],"product_cat":[123,798,124,1759],"product_tag":[2717,2703,2721,2720,2718,2719,2722],"class_list":{"0":"post-6178","1":"product","2":"type-product","3":"status-publish","4":"has-post-thumbnail","6":"product_cat-animals","7":"product_cat-cartoon-anime","8":"product_cat-clipart","9":"product_cat-pets","10":"product_tag-cartoon-cat","11":"product_tag-cute-cat","12":"product_tag-cute-pets","13":"product_tag-friendly-animals","14":"product_tag-pastel-cat","15":"product_tag-playful-cat","16":"product_tag-soft-colors","18":"first","19":"instock","20":"downloadable","21":"virtual","22":"purchasable","23":"product-type-simple"},"aioseo_notices":[],"_links":{"self":[{"href":"https:\/\/pngate.com\/de\/wp-json\/wp\/v2\/product\/6178","targetHints":{"allow":["GET"]}}],"collection":[{"href":"https:\/\/pngate.com\/de\/wp-json\/wp\/v2\/product"}],"about":[{"href":"https:\/\/pngate.com\/de\/wp-json\/wp\/v2\/types\/product"}],"version-history":[{"count":1,"href":"https:\/\/pngate.com\/de\/wp-json\/wp\/v2\/product\/6178\/revisions"}],"predecessor-version":[{"id":16436,"href":"https:\/\/pngate.com\/de\/wp-json\/wp\/v2\/product\/6178\/revisions\/16436"}],"wp:featuredmedia":[{"embeddable":true,"href":"https:\/\/pngate.com\/de\/wp-json\/wp\/v2\/media\/6177"}],"wp:attachment":[{"href":"https:\/\/pngate.com\/de\/wp-json\/wp\/v2\/media?parent=6178"}],"wp:term":[{"taxonomy":"product_brand","embeddable":true,"href":"https:\/\/pngate.com\/de\/wp-json\/wp\/v2\/product_brand?post=6178"},{"taxonomy":"product_cat","embeddable":true,"href":"https:\/\/pngate.com\/de\/wp-json\/wp\/v2\/product_cat?post=6178"},{"taxonomy":"product_tag","embeddable":true,"href":"https:\/\/pngate.com\/de\/wp-json\/wp\/v2\/product_tag?post=6178"}],"curies":[{"name":"wp","href":"https:\/\/api.w.org\/{rel}","templated":true}]}}