{"id":6801,"date":"2025-05-09T18:57:08","date_gmt":"2025-05-09T15:57:08","guid":{"rendered":"https:\/\/pngate.com\/product\/mad-emoji-gritting-teeth-with-intense-expression-free-png\/"},"modified":"2025-07-14T18:22:54","modified_gmt":"2025-07-14T15:22:54","slug":"mad-emoji-gritting-teeth-with-intense-expression-free-png","status":"publish","type":"product","link":"https:\/\/pngate.com\/de\/produkt\/mad-emoji-gritting-teeth-with-intense-expression-free-png\/","title":{"rendered":"Verr\u00fccktes Emoji, das mit intensiven Gesichtsausdruck die Z\u00e4hne zusammenbei\u00dft Kostenloses PNG"},"content":{"rendered":"","protected":false},"excerpt":{"rendered":"","protected":false},"featured_media":6800,"template":"","meta":{"om_disable_all_campaigns":false,"_monsterinsights_skip_tracking":false,"_monsterinsights_sitenote_active":false,"_monsterinsights_sitenote_note":"","_monsterinsights_sitenote_category":0,"_uf_show_specific_survey":0,"_uf_disable_surveys":false},"product_brand":[],"product_cat":[798,1796],"product_tag":[2854,1420,3147,2853,3146,3144,3145],"class_list":{"0":"post-6801","1":"product","2":"type-product","3":"status-publish","4":"has-post-thumbnail","6":"product_cat-cartoon-anime","7":"product_cat-emoji","8":"product_tag-cartoon-emoji","9":"product_tag-emotions","10":"product_tag-expressive-faces","11":"product_tag-frustration","12":"product_tag-gritting-teeth","13":"product_tag-mad-emoji","14":"product_tag-yellow-face","16":"first","17":"instock","18":"downloadable","19":"virtual","20":"purchasable","21":"product-type-simple"},"aioseo_notices":[],"_links":{"self":[{"href":"https:\/\/pngate.com\/de\/wp-json\/wp\/v2\/product\/6801","targetHints":{"allow":["GET"]}}],"collection":[{"href":"https:\/\/pngate.com\/de\/wp-json\/wp\/v2\/product"}],"about":[{"href":"https:\/\/pngate.com\/de\/wp-json\/wp\/v2\/types\/product"}],"version-history":[{"count":1,"href":"https:\/\/pngate.com\/de\/wp-json\/wp\/v2\/product\/6801\/revisions"}],"predecessor-version":[{"id":16587,"href":"https:\/\/pngate.com\/de\/wp-json\/wp\/v2\/product\/6801\/revisions\/16587"}],"wp:featuredmedia":[{"embeddable":true,"href":"https:\/\/pngate.com\/de\/wp-json\/wp\/v2\/media\/6800"}],"wp:attachment":[{"href":"https:\/\/pngate.com\/de\/wp-json\/wp\/v2\/media?parent=6801"}],"wp:term":[{"taxonomy":"product_brand","embeddable":true,"href":"https:\/\/pngate.com\/de\/wp-json\/wp\/v2\/product_brand?post=6801"},{"taxonomy":"product_cat","embeddable":true,"href":"https:\/\/pngate.com\/de\/wp-json\/wp\/v2\/product_cat?post=6801"},{"taxonomy":"product_tag","embeddable":true,"href":"https:\/\/pngate.com\/de\/wp-json\/wp\/v2\/product_tag?post=6801"}],"curies":[{"name":"wp","href":"https:\/\/api.w.org\/{rel}","templated":true}]}}