{"id":7104,"date":"2025-05-12T02:30:07","date_gmt":"2025-05-11T23:30:07","guid":{"rendered":"https:\/\/pngate.com\/product\/small-rural-church-with-white-walls-and-brown-roof-free-png\/"},"modified":"2025-07-14T18:24:38","modified_gmt":"2025-07-14T15:24:38","slug":"small-rural-church-with-white-walls-and-brown-roof-free-png","status":"publish","type":"product","link":"https:\/\/pngate.com\/de\/produkt\/small-rural-church-with-white-walls-and-brown-roof-free-png\/","title":{"rendered":"Kleine l\u00e4ndliche Kirche mit wei\u00dfen W\u00e4nden und braunem Dach Kostenloses PNG"},"content":{"rendered":"","protected":false},"excerpt":{"rendered":"","protected":false},"featured_media":7103,"template":"","meta":{"om_disable_all_campaigns":false,"_monsterinsights_skip_tracking":false,"_monsterinsights_sitenote_active":false,"_monsterinsights_sitenote_note":"","_monsterinsights_sitenote_category":0,"_uf_show_specific_survey":0,"_uf_disable_surveys":false},"product_brand":[],"product_cat":[1705,124],"product_tag":[849,3374,2955,3372,781,3373,3375],"class_list":{"0":"post-7104","1":"product","2":"type-product","3":"status-publish","4":"has-post-thumbnail","6":"product_cat-buildings","7":"product_cat-clipart","8":"product_tag-architecture","9":"product_tag-brown-roof","10":"product_tag-building","11":"product_tag-rural-church","12":"product_tag-vintage","13":"product_tag-white-walls","14":"product_tag-wooden-door","16":"first","17":"instock","18":"downloadable","19":"virtual","20":"purchasable","21":"product-type-simple"},"aioseo_notices":[],"_links":{"self":[{"href":"https:\/\/pngate.com\/de\/wp-json\/wp\/v2\/product\/7104","targetHints":{"allow":["GET"]}}],"collection":[{"href":"https:\/\/pngate.com\/de\/wp-json\/wp\/v2\/product"}],"about":[{"href":"https:\/\/pngate.com\/de\/wp-json\/wp\/v2\/types\/product"}],"version-history":[{"count":1,"href":"https:\/\/pngate.com\/de\/wp-json\/wp\/v2\/product\/7104\/revisions"}],"predecessor-version":[{"id":16688,"href":"https:\/\/pngate.com\/de\/wp-json\/wp\/v2\/product\/7104\/revisions\/16688"}],"wp:featuredmedia":[{"embeddable":true,"href":"https:\/\/pngate.com\/de\/wp-json\/wp\/v2\/media\/7103"}],"wp:attachment":[{"href":"https:\/\/pngate.com\/de\/wp-json\/wp\/v2\/media?parent=7104"}],"wp:term":[{"taxonomy":"product_brand","embeddable":true,"href":"https:\/\/pngate.com\/de\/wp-json\/wp\/v2\/product_brand?post=7104"},{"taxonomy":"product_cat","embeddable":true,"href":"https:\/\/pngate.com\/de\/wp-json\/wp\/v2\/product_cat?post=7104"},{"taxonomy":"product_tag","embeddable":true,"href":"https:\/\/pngate.com\/de\/wp-json\/wp\/v2\/product_tag?post=7104"}],"curies":[{"name":"wp","href":"https:\/\/api.w.org\/{rel}","templated":true}]}}