{"id":9336,"date":"2025-05-27T23:22:36","date_gmt":"2025-05-27T20:22:36","guid":{"rendered":"https:\/\/pngate.com\/product\/roaring-lion-with-open-mouth-majestic-animal-free-png\/"},"modified":"2025-07-14T18:37:07","modified_gmt":"2025-07-14T15:37:07","slug":"roaring-lion-with-open-mouth-majestic-animal-free-png","status":"publish","type":"product","link":"https:\/\/pngate.com\/de\/produkt\/roaring-lion-with-open-mouth-majestic-animal-free-png\/","title":{"rendered":"Br\u00fcllender L\u00f6we mit offenem Maul Majest\u00e4tisches Tier Kostenloses PNG"},"content":{"rendered":"","protected":false},"excerpt":{"rendered":"","protected":false},"featured_media":9335,"template":"","meta":{"om_disable_all_campaigns":false,"_monsterinsights_skip_tracking":false,"_monsterinsights_sitenote_active":false,"_monsterinsights_sitenote_note":"","_monsterinsights_sitenote_category":0,"_uf_show_specific_survey":0,"_uf_disable_surveys":false},"product_brand":[],"product_cat":[123,4785,2002],"product_tag":[4783,266,4784,269,4782,4780,4781],"class_list":{"0":"post-9336","1":"product","2":"type-product","3":"status-publish","4":"has-post-thumbnail","6":"product_cat-animals","7":"product_cat-photography","8":"product_cat-wildlife","9":"product_tag-animal-portrait","10":"product_tag-lion","11":"product_tag-majestic-animal","12":"product_tag-mane","13":"product_tag-powerful-animal","14":"product_tag-roaring-lion","15":"product_tag-wildlife-photography","17":"first","18":"instock","19":"downloadable","20":"virtual","21":"purchasable","22":"product-type-simple"},"aioseo_notices":[],"_links":{"self":[{"href":"https:\/\/pngate.com\/de\/wp-json\/wp\/v2\/product\/9336","targetHints":{"allow":["GET"]}}],"collection":[{"href":"https:\/\/pngate.com\/de\/wp-json\/wp\/v2\/product"}],"about":[{"href":"https:\/\/pngate.com\/de\/wp-json\/wp\/v2\/types\/product"}],"version-history":[{"count":1,"href":"https:\/\/pngate.com\/de\/wp-json\/wp\/v2\/product\/9336\/revisions"}],"predecessor-version":[{"id":17423,"href":"https:\/\/pngate.com\/de\/wp-json\/wp\/v2\/product\/9336\/revisions\/17423"}],"wp:featuredmedia":[{"embeddable":true,"href":"https:\/\/pngate.com\/de\/wp-json\/wp\/v2\/media\/9335"}],"wp:attachment":[{"href":"https:\/\/pngate.com\/de\/wp-json\/wp\/v2\/media?parent=9336"}],"wp:term":[{"taxonomy":"product_brand","embeddable":true,"href":"https:\/\/pngate.com\/de\/wp-json\/wp\/v2\/product_brand?post=9336"},{"taxonomy":"product_cat","embeddable":true,"href":"https:\/\/pngate.com\/de\/wp-json\/wp\/v2\/product_cat?post=9336"},{"taxonomy":"product_tag","embeddable":true,"href":"https:\/\/pngate.com\/de\/wp-json\/wp\/v2\/product_tag?post=9336"}],"curies":[{"name":"wp","href":"https:\/\/api.w.org\/{rel}","templated":true}]}}