{"id":6507,"date":"2025-05-07T20:55:04","date_gmt":"2025-05-07T17:55:04","guid":{"rendered":"https:\/\/pngate.com\/?page_id=6507"},"modified":"2025-06-12T17:27:07","modified_gmt":"2025-06-12T14:27:07","slug":"refund-policy","status":"publish","type":"page","link":"https:\/\/pngate.com\/es\/refund-policy\/","title":{"rendered":"Pol\u00edtica de reembolso"},"content":{"rendered":"<div data-elementor-type=\"wp-page\" data-elementor-id=\"6507\" class=\"elementor elementor-6507\" data-elementor-post-type=\"page\">\n\t\t\t\t\t\t<section class=\"elementor-section elementor-top-section elementor-element elementor-element-4a101b77 elementor-section-boxed elementor-section-height-default elementor-section-height-default\" data-id=\"4a101b77\" data-element_type=\"section\">\n\t\t\t\t\t\t<div class=\"elementor-container elementor-column-gap-default\">\n\t\t\t\t\t<div class=\"elementor-column elementor-col-100 elementor-top-column elementor-element elementor-element-2daf46c1\" data-id=\"2daf46c1\" data-element_type=\"column\">\n\t\t\t<div class=\"elementor-widget-wrap elementor-element-populated\">\n\t\t\t\t\t\t<div class=\"elementor-element elementor-element-6170d224 elementor-widget elementor-widget-text-editor\" data-id=\"6170d224\" data-element_type=\"widget\" data-widget_type=\"text-editor.default\">\n\t\t\t\t<div class=\"elementor-widget-container\">\n\t\t\t\t\t\t\t\t\t<p>Gracias por elegir PNGate. Esta Pol\u00edtica de Reembolso describe las condiciones bajo las cuales puede solicitar un reembolso por los servicios adquiridos a trav\u00e9s de nuestro sitio web. <a href=\"https:\/\/pngate.com\/es\/\">https:\/\/pngate.com<\/a>.<\/p><h2>1. Naturaleza del Servicio<\/h2><p>PNGate ofrece un servicio de suscripci\u00f3n que brinda a los usuarios acceso sin publicidad a una amplia biblioteca de im\u00e1genes PNG descargables, opciones de descarga m\u00e1s r\u00e1pidas y funciones adicionales de la plataforma. No compras archivos individuales, sino una licencia para disfrutar de una experiencia de navegaci\u00f3n y descarga mejorada durante tu suscripci\u00f3n.<\/p><h2>2. Suscripci\u00f3n y facturaci\u00f3n<\/h2><p>Todas las suscripciones se facturan por adelantado y se renuevan autom\u00e1ticamente al final de cada ciclo de facturaci\u00f3n, a menos que se cancelen antes de la renovaci\u00f3n. Puede cancelar su suscripci\u00f3n en cualquier momento desde la configuraci\u00f3n de su cuenta. La cancelaci\u00f3n detendr\u00e1 la facturaci\u00f3n futura, pero no le dar\u00e1 derecho autom\u00e1ticamente a un reembolso por el per\u00edodo de facturaci\u00f3n actual o anterior.<\/p><h2>3. Elegibilidad para reembolso<\/h2><p>Dado que el acceso a las funciones premium se otorga inmediatamente tras la suscripci\u00f3n, generalmente no ofrecemos reembolsos por cambio de opini\u00f3n. Sin embargo, consideraremos las solicitudes de reembolso en las siguientes condiciones:<\/p><ul><li>Se le cobr\u00f3 varias veces por la misma suscripci\u00f3n (facturaci\u00f3n duplicada)<\/li><li>Se le cobr\u00f3 despu\u00e9s de cancelar su suscripci\u00f3n debido a un error del sistema<\/li><li>Experiment\u00f3 un problema t\u00e9cnico que impidi\u00f3 el acceso a su cuenta premium y no se pudo resolver en un tiempo razonable<\/li><\/ul><p>Las solicitudes de reembolso deben presentarse dentro de los 7 d\u00edas posteriores al cargo original. Cada solicitud se evaluar\u00e1 de buena fe, caso por caso.<\/p><h2>4. C\u00f3mo solicitar un reembolso<\/h2><p>Para solicitar un reembolso, cont\u00e1ctenos en <a href=\"mailto:contact@pngate.com\">contacto@pngate.com<\/a> e incluya los siguientes detalles:<\/p><ul><li>Su nombre completo y direcci\u00f3n de correo electr\u00f3nico utilizada durante la compra<\/li><li>El motivo de su solicitud de reembolso<\/li><li>La fecha y el importe de la transacci\u00f3n<\/li><li>Cualquier captura de pantalla o mensaje de error relevante (opcional)<\/li><\/ul><p>Nuestro objetivo es responder dentro de los 5 d\u00edas h\u00e1biles siguientes a la recepci\u00f3n de su solicitud.<\/p><h2>5. Procesadores de pagos<\/h2><p>Los pagos se procesan de forma segura a trav\u00e9s de proveedores externos de confianza, como Paddle. Si se aprueba tu reembolso, se emitir\u00e1 con el mismo m\u00e9todo de pago que utilizaste durante la compra, de acuerdo con los t\u00e9rminos y condiciones del procesador.<\/p><h2>6. Abuso y mal uso<\/h2><p>Nos reservamos el derecho de rechazar solicitudes de reembolso en casos de abuso, incluidos, entre otros, descargas excesivas seguidas de una demanda de reembolso, compartir acceso premium con otros o cualquier violaci\u00f3n de nuestros t\u00e9rminos y condiciones. <a href=\"https:\/\/pngate.com\/es\/terminos-y-condiciones\/\">T\u00e9rminos y condiciones<\/a>.<\/p><h2>7. Contacto<\/h2><p>Si tiene preguntas sobre esta pol\u00edtica, comun\u00edquese con nosotros:<\/p><ul><li><strong>Nombre:<\/strong> El empresario individual Denys Spesivtsev<\/li><li><strong>DIRECCI\u00d3N:<\/strong> Calle Kostandi 162\/1, apto. 90, Odesa, 65114, Ucrania<\/li><li><strong>Correo electr\u00f3nico:<\/strong> soporte@pngate.com<\/li><\/ul>\t\t\t\t\t\t\t\t<\/div>\n\t\t\t\t<\/div>\n\t\t\t\t\t<\/div>\n\t\t<\/div>\n\t\t\t\t\t<\/div>\n\t\t<\/section>\n\t\t\t\t<section class=\"elementor-section elementor-top-section elementor-element elementor-element-43f792d elementor-section-boxed elementor-section-height-default elementor-section-height-default\" data-id=\"43f792d\" data-element_type=\"section\">\n\t\t\t\t\t\t<div class=\"elementor-container elementor-column-gap-default\">\n\t\t\t\t\t<div class=\"elementor-column elementor-col-100 elementor-top-column elementor-element elementor-element-17b43d9\" data-id=\"17b43d9\" data-element_type=\"column\">\n\t\t\t<div class=\"elementor-widget-wrap elementor-element-populated\">\n\t\t\t\t\t\t<div class=\"elementor-element elementor-element-ea85bf8 elementor-widget elementor-widget-html\" data-id=\"ea85bf8\" data-element_type=\"widget\" data-widget_type=\"html.default\">\n\t\t\t\t<div class=\"elementor-widget-container\">\n\t\t\t\t\t<span id=\"ezoic-privacy-policy-embed\"><\/span>\r\n\t\t\t\t<\/div>\n\t\t\t\t<\/div>\n\t\t\t\t\t<\/div>\n\t\t<\/div>\n\t\t\t\t\t<\/div>\n\t\t<\/section>\n\t\t\t\t<\/div>","protected":false},"excerpt":{"rendered":"<p>Gracias por elegir PNGate. Esta Pol\u00edtica de Reembolso describe las condiciones bajo las cuales puede solicitar un reembolso por los servicios adquiridos a trav\u00e9s de nuestro sitio web, https:\/\/pngate.com. 1.<span class=\"excerpt-hellip\"> [\u2026]<\/span><\/p>","protected":false},"author":1,"featured_media":0,"parent":0,"menu_order":0,"comment_status":"closed","ping_status":"open","template":"","meta":{"om_disable_all_campaigns":false,"_monsterinsights_skip_tracking":false,"_monsterinsights_sitenote_active":false,"_monsterinsights_sitenote_note":"","_monsterinsights_sitenote_category":0,"_uf_show_specific_survey":0,"_uf_disable_surveys":false,"footnotes":""},"class_list":["post-6507","page","type-page","status-publish","hentry"],"aioseo_notices":[],"_links":{"self":[{"href":"https:\/\/pngate.com\/es\/wp-json\/wp\/v2\/pages\/6507","targetHints":{"allow":["GET"]}}],"collection":[{"href":"https:\/\/pngate.com\/es\/wp-json\/wp\/v2\/pages"}],"about":[{"href":"https:\/\/pngate.com\/es\/wp-json\/wp\/v2\/types\/page"}],"author":[{"embeddable":true,"href":"https:\/\/pngate.com\/es\/wp-json\/wp\/v2\/users\/1"}],"replies":[{"embeddable":true,"href":"https:\/\/pngate.com\/es\/wp-json\/wp\/v2\/comments?post=6507"}],"version-history":[{"count":19,"href":"https:\/\/pngate.com\/es\/wp-json\/wp\/v2\/pages\/6507\/revisions"}],"predecessor-version":[{"id":10388,"href":"https:\/\/pngate.com\/es\/wp-json\/wp\/v2\/pages\/6507\/revisions\/10388"}],"wp:attachment":[{"href":"https:\/\/pngate.com\/es\/wp-json\/wp\/v2\/media?parent=6507"}],"curies":[{"name":"wp","href":"https:\/\/api.w.org\/{rel}","templated":true}]}}