{"id":972,"date":"2023-09-05T11:31:37","date_gmt":"2023-09-05T08:31:37","guid":{"rendered":"https:\/?page_id=972"},"modified":"2025-05-09T10:10:31","modified_gmt":"2025-05-09T07:10:31","slug":"terms-and-conditions","status":"publish","type":"page","link":"https:\/\/pngate.com\/es\/terminos-y-condiciones\/","title":{"rendered":"T\u00e9rminos y condiciones"},"content":{"rendered":"<div data-elementor-type=\"wp-page\" data-elementor-id=\"972\" class=\"elementor elementor-972\" data-elementor-post-type=\"page\">\n\t\t\t\t\t\t<section class=\"elementor-section elementor-top-section elementor-element elementor-element-4fe4dc0e elementor-section-boxed elementor-section-height-default elementor-section-height-default\" data-id=\"4fe4dc0e\" data-element_type=\"section\">\n\t\t\t\t\t\t<div class=\"elementor-container elementor-column-gap-default\">\n\t\t\t\t\t<div class=\"elementor-column elementor-col-100 elementor-top-column elementor-element elementor-element-73d6a2d0\" data-id=\"73d6a2d0\" data-element_type=\"column\">\n\t\t\t<div class=\"elementor-widget-wrap elementor-element-populated\">\n\t\t\t\t\t\t<div class=\"elementor-element elementor-element-3d9bc941 elementor-widget elementor-widget-text-editor\" data-id=\"3d9bc941\" data-element_type=\"widget\" data-widget_type=\"text-editor.default\">\n\t\t\t\t<div class=\"elementor-widget-container\">\n\t\t\t\t\t\t\t\t\t<div class=\"terms-conditions\"><p>\u00a1Bienvenido a PNGate! Estos T\u00e9rminos y Condiciones rigen su acceso y uso del sitio web ubicado en <a href=\"https:\/\/pngate.com\/es\/\">https:\/\/pngate.com<\/a> (el \u00abSitio\u00bb). Al acceder o utilizar el Sitio, usted acepta estos T\u00e9rminos. Si no los acepta, le rogamos que no utilice este Sitio.<\/p><h2>1. Acerca de nosotros<\/h2><p>Este sitio es operado por un empresario individual registrado en Ucrania:<\/p><ul><li><strong>Nombre de la empresa:<\/strong> El empresario individual Denys Spesivtsev<\/li><li><strong>Direcci\u00f3n registrada:<\/strong> Calle Kostandi 162\/1, apto. 90, Odesa, 65114, Ucrania<\/li><li><strong>Correo electr\u00f3nico:<\/strong> soporte@pngate.com<\/li><\/ul><h2>2. Licencia y uso del contenido<\/h2><p>PNGate ofrece a los usuarios acceso a una biblioteca seleccionada de im\u00e1genes PNG mediante suscripci\u00f3n. Al suscribirse, se le otorga una licencia no exclusiva e intransferible para acceder y descargar im\u00e1genes para uso personal y comercial, sujeta a las condiciones descritas en estos T\u00e9rminos.<\/p><p>Si bien puede usar el contenido descargado en sus proyectos, no adquiere la propiedad de los archivos individuales. No se permite la redistribuci\u00f3n, reventa ni la inclusi\u00f3n del contenido en otras plataformas, sitios de stock o colecciones sin una modificaci\u00f3n significativa y el consentimiento previo por escrito.<\/p><p>Al utilizar contenido PNGate original, <strong>Debe proporcionar una atribuci\u00f3n clara con un enlace a<\/strong> <a href=\"https:\/\/pngate.com\/es\/\">https:\/\/pngate.com<\/a>. <strong>Ejemplo: <\/strong>\u201cImagen de <a href=\"https:\/\/pngate.com\/es\/\">PNGate.com<\/a>&quot;.<\/p><h2>3. Contenido de terceros<\/h2><p>Algunos contenidos, como logotipos, personajes o recursos de marca, pueden ser subidos por los usuarios o provenir de repositorios de terceros. PNGate no reclama la propiedad de dicho contenido ni garantiza su licencia. Usted es el \u00fanico responsable de garantizar que el uso de dichas im\u00e1genes cumpla con las leyes de derechos de autor aplicables.<\/p><h2>4. Quejas sobre derechos de autor<\/h2><p>Si usted es titular de derechos y cree que el contenido de este Sitio infringe sus derechos, comun\u00edquese con nosotros en <a href=\"mailto:contact@pngate.com\">contacto@pngate.com<\/a> Con comprobante de propiedad y una solicitud de eliminaci\u00f3n. Revisaremos su solicitud y eliminaremos el material con prontitud si corresponde.<\/p><h2>5. Cuentas de usuario<\/h2><p>Para acceder a ciertas funciones, es posible que se le solicite crear una cuenta. Usted se compromete a proporcionar informaci\u00f3n precisa y mantenerla actualizada. Usted es responsable de toda la actividad de su cuenta y no debe compartir sus credenciales de inicio de sesi\u00f3n.<\/p><h2>6. Suscripciones y pagos<\/h2><p>Ofrecemos acceso gratuito y planes de suscripci\u00f3n de pago. Las suscripciones se facturan por adelantado de forma recurrente. Al suscribirse, autoriza a PNGate o a su procesador de pagos a cargar el importe a su m\u00e9todo de pago elegido. Puede cancelar su suscripci\u00f3n en cualquier momento; la cancelaci\u00f3n se har\u00e1 efectiva al final del per\u00edodo de facturaci\u00f3n actual. Los reembolsos se gestionan de acuerdo con nuestra Pol\u00edtica de Reembolsos.<\/p><h2>7. Restricciones<\/h2><p>Al utilizar este Sitio, usted acepta no:<\/p><ul><li>Utilizar el contenido de una manera que viole alguna ley o regulaci\u00f3n<\/li><li>Infringir los derechos de propiedad intelectual<\/li><li>Intentar realizar ingenier\u00eda inversa, copiar o reflejar la estructura, el estilo o el sistema del Sitio.<\/li><li>Utilizar bots, scrapers u otros medios automatizados para extraer o recolectar contenido<\/li><li>Suplantar a PNGate o sus representantes<\/li><\/ul><h2>8. Limitaci\u00f3n de responsabilidad<\/h2><p>PNGate se proporciona &quot;tal cual&quot; y &quot;seg\u00fan disponibilidad&quot;. No ofrecemos garant\u00eda alguna sobre la disponibilidad, exactitud ni fiabilidad del contenido. En ning\u00fan caso, PNGate ni su propietario ser\u00e1n responsables de ning\u00fan da\u00f1o directo, indirecto, incidental o consecuente derivado del uso o la imposibilidad de usar el Sitio.<\/p><h2>9. Modificaci\u00f3n de los T\u00e9rminos<\/h2><p>Podemos revisar estos T\u00e9rminos en cualquier momento sin previo aviso. Las versiones actualizadas se publicar\u00e1n en esta p\u00e1gina con la fecha de la revisi\u00f3n. El uso continuado del Sitio implica la aceptaci\u00f3n de dichos cambios.<\/p><h2>10. Ley aplicable<\/h2><p>Estos T\u00e9rminos se regir\u00e1n e interpretar\u00e1n de conformidad con las leyes de Ucrania. Cualquier controversia se resolver\u00e1 en los tribunales de Odesa, Ucrania.<\/p><h2>11. Contacto<\/h2><p>Si tiene alguna pregunta o inquietud con respecto a estos T\u00e9rminos, comun\u00edquese con nosotros:<\/p><ul><li><strong>Nombre:<\/strong> El empresario individual Denys Spesivtsev<\/li><li><strong>DIRECCI\u00d3N:<\/strong> Calle Kostandi 162\/1, apto. 90, Odesa, 65114, Ucrania<\/li><li><strong>Correo electr\u00f3nico:<\/strong> soporte@pngate.com<\/li><\/ul><\/div>\t\t\t\t\t\t\t\t<\/div>\n\t\t\t\t<\/div>\n\t\t\t\t\t<\/div>\n\t\t<\/div>\n\t\t\t\t\t<\/div>\n\t\t<\/section>\n\t\t\t\t<\/div>","protected":false},"excerpt":{"rendered":"<p>\u00a1Bienvenido a PNGate! Estos T\u00e9rminos y Condiciones rigen su acceso y uso del sitio web ubicado en https:\/\/pngate.com (el &quot;Sitio&quot;). Al acceder o utilizar el<span class=\"excerpt-hellip\"> [\u2026]<\/span><\/p>","protected":false},"author":1,"featured_media":0,"parent":0,"menu_order":0,"comment_status":"closed","ping_status":"closed","template":"","meta":{"om_disable_all_campaigns":false,"_monsterinsights_skip_tracking":false,"_monsterinsights_sitenote_active":false,"_monsterinsights_sitenote_note":"","_monsterinsights_sitenote_category":0,"_uf_show_specific_survey":0,"_uf_disable_surveys":false,"footnotes":""},"class_list":["post-972","page","type-page","status-publish","hentry"],"aioseo_notices":[],"_links":{"self":[{"href":"https:\/\/pngate.com\/es\/wp-json\/wp\/v2\/pages\/972","targetHints":{"allow":["GET"]}}],"collection":[{"href":"https:\/\/pngate.com\/es\/wp-json\/wp\/v2\/pages"}],"about":[{"href":"https:\/\/pngate.com\/es\/wp-json\/wp\/v2\/types\/page"}],"author":[{"embeddable":true,"href":"https:\/\/pngate.com\/es\/wp-json\/wp\/v2\/users\/1"}],"replies":[{"embeddable":true,"href":"https:\/\/pngate.com\/es\/wp-json\/wp\/v2\/comments?post=972"}],"version-history":[{"count":10,"href":"https:\/\/pngate.com\/es\/wp-json\/wp\/v2\/pages\/972\/revisions"}],"predecessor-version":[{"id":6747,"href":"https:\/\/pngate.com\/es\/wp-json\/wp\/v2\/pages\/972\/revisions\/6747"}],"wp:attachment":[{"href":"https:\/\/pngate.com\/es\/wp-json\/wp\/v2\/media?parent=972"}],"curies":[{"name":"wp","href":"https:\/\/api.w.org\/{rel}","templated":true}]}}