{"id":10075,"date":"2025-06-06T18:05:55","date_gmt":"2025-06-06T15:05:55","guid":{"rendered":"https:\/\/pngate.com\/product\/gold-foil-balloon-number-1-shiny-metallic-decoration-free-png\/"},"modified":"2025-07-14T18:39:55","modified_gmt":"2025-07-14T15:39:55","slug":"gold-foil-balloon-number-1-shiny-metallic-decoration-free-png","status":"publish","type":"product","link":"https:\/\/pngate.com\/es\/producto\/gold-foil-balloon-number-1-shiny-metallic-decoration-free-png\/","title":{"rendered":"Globo de papel dorado n\u00famero 1, decoraci\u00f3n met\u00e1lica brillante, PNG gratis"},"content":{"rendered":"","protected":false},"excerpt":{"rendered":"","protected":false},"featured_media":10074,"template":"","meta":{"om_disable_all_campaigns":false,"_monsterinsights_skip_tracking":false,"_monsterinsights_sitenote_active":false,"_monsterinsights_sitenote_note":"","_monsterinsights_sitenote_category":0,"_uf_show_specific_survey":0,"_uf_disable_surveys":false},"product_brand":[],"product_cat":[1906,1699,1700,2015],"product_tag":[2840,5231,5230,4876,5227,5229,4879,5228],"class_list":{"0":"post-10075","1":"product","2":"type-product","3":"status-publish","4":"has-post-thumbnail","6":"product_cat-celebration","7":"product_cat-balloons","8":"product_cat-birthday","9":"product_cat-party","10":"product_tag-birthday-decoration","11":"product_tag-celebration-theme","12":"product_tag-gold-birthday","13":"product_tag-gold-foil-balloon","14":"product_tag-metallic-number","15":"product_tag-number-balloon","16":"product_tag-party-decor","17":"product_tag-shiny-balloon","19":"first","20":"instock","21":"downloadable","22":"virtual","23":"purchasable","24":"product-type-simple"},"aioseo_notices":[],"_links":{"self":[{"href":"https:\/\/pngate.com\/es\/wp-json\/wp\/v2\/product\/10075","targetHints":{"allow":["GET"]}}],"collection":[{"href":"https:\/\/pngate.com\/es\/wp-json\/wp\/v2\/product"}],"about":[{"href":"https:\/\/pngate.com\/es\/wp-json\/wp\/v2\/types\/product"}],"version-history":[{"count":1,"href":"https:\/\/pngate.com\/es\/wp-json\/wp\/v2\/product\/10075\/revisions"}],"predecessor-version":[{"id":17589,"href":"https:\/\/pngate.com\/es\/wp-json\/wp\/v2\/product\/10075\/revisions\/17589"}],"wp:featuredmedia":[{"embeddable":true,"href":"https:\/\/pngate.com\/es\/wp-json\/wp\/v2\/media\/10074"}],"wp:attachment":[{"href":"https:\/\/pngate.com\/es\/wp-json\/wp\/v2\/media?parent=10075"}],"wp:term":[{"taxonomy":"product_brand","embeddable":true,"href":"https:\/\/pngate.com\/es\/wp-json\/wp\/v2\/product_brand?post=10075"},{"taxonomy":"product_cat","embeddable":true,"href":"https:\/\/pngate.com\/es\/wp-json\/wp\/v2\/product_cat?post=10075"},{"taxonomy":"product_tag","embeddable":true,"href":"https:\/\/pngate.com\/es\/wp-json\/wp\/v2\/product_tag?post=10075"}],"curies":[{"name":"wp","href":"https:\/\/api.w.org\/{rel}","templated":true}]}}