{"id":10295,"date":"2025-06-10T19:06:16","date_gmt":"2025-06-10T16:06:16","guid":{"rendered":"https:\/\/pngate.com\/product\/eagle-head-logo-with-bold-lines-and-fierce-expression-free-png\/"},"modified":"2025-07-14T18:41:07","modified_gmt":"2025-07-14T15:41:07","slug":"eagle-head-logo-with-bold-lines-and-fierce-expression-free-png","status":"publish","type":"product","link":"https:\/\/pngate.com\/es\/producto\/eagle-head-logo-with-bold-lines-and-fierce-expression-free-png\/","title":{"rendered":"Logotipo de cabeza de \u00e1guila con l\u00edneas atrevidas y expresi\u00f3n feroz (PNG) gratis"},"content":{"rendered":"","protected":false},"excerpt":{"rendered":"","protected":false},"featured_media":10294,"template":"","meta":{"om_disable_all_campaigns":false,"_monsterinsights_skip_tracking":false,"_monsterinsights_sitenote_active":false,"_monsterinsights_sitenote_note":"","_monsterinsights_sitenote_category":0,"_uf_show_specific_survey":0,"_uf_disable_surveys":false},"product_brand":[],"product_cat":[123,1701,129,1769],"product_tag":[3685,5382,5381,5383,2466,2261,1360],"class_list":{"0":"post-10295","1":"product","2":"type-product","3":"status-publish","4":"has-post-thumbnail","6":"product_cat-animals","7":"product_cat-birds","8":"product_cat-logos","9":"product_cat-silhouettes","10":"product_tag-animal-art","11":"product_tag-bold-lines","12":"product_tag-eagle-head","13":"product_tag-fierce-design","14":"product_tag-modern-logo","15":"product_tag-silhouette","16":"product_tag-wildlife","18":"first","19":"instock","20":"downloadable","21":"virtual","22":"purchasable","23":"product-type-simple"},"aioseo_notices":[],"_links":{"self":[{"href":"https:\/\/pngate.com\/es\/wp-json\/wp\/v2\/product\/10295","targetHints":{"allow":["GET"]}}],"collection":[{"href":"https:\/\/pngate.com\/es\/wp-json\/wp\/v2\/product"}],"about":[{"href":"https:\/\/pngate.com\/es\/wp-json\/wp\/v2\/types\/product"}],"version-history":[{"count":1,"href":"https:\/\/pngate.com\/es\/wp-json\/wp\/v2\/product\/10295\/revisions"}],"predecessor-version":[{"id":17661,"href":"https:\/\/pngate.com\/es\/wp-json\/wp\/v2\/product\/10295\/revisions\/17661"}],"wp:featuredmedia":[{"embeddable":true,"href":"https:\/\/pngate.com\/es\/wp-json\/wp\/v2\/media\/10294"}],"wp:attachment":[{"href":"https:\/\/pngate.com\/es\/wp-json\/wp\/v2\/media?parent=10295"}],"wp:term":[{"taxonomy":"product_brand","embeddable":true,"href":"https:\/\/pngate.com\/es\/wp-json\/wp\/v2\/product_brand?post=10295"},{"taxonomy":"product_cat","embeddable":true,"href":"https:\/\/pngate.com\/es\/wp-json\/wp\/v2\/product_cat?post=10295"},{"taxonomy":"product_tag","embeddable":true,"href":"https:\/\/pngate.com\/es\/wp-json\/wp\/v2\/product_tag?post=10295"}],"curies":[{"name":"wp","href":"https:\/\/api.w.org\/{rel}","templated":true}]}}