{"id":10611,"date":"2025-06-20T20:21:11","date_gmt":"2025-06-20T17:21:11","guid":{"rendered":"https:\/\/pngate.com\/product\/coffee-logo-duo-in-brown-and-cherry-modern-style-free-png\/"},"modified":"2025-07-14T18:42:28","modified_gmt":"2025-07-14T15:42:28","slug":"coffee-logo-duo-in-brown-and-cherry-modern-style-free-png","status":"publish","type":"product","link":"https:\/\/pngate.com\/es\/producto\/coffee-logo-duo-in-brown-and-cherry-modern-style-free-png\/","title":{"rendered":"D\u00fao de logotipos de caf\u00e9 en estilo moderno marr\u00f3n y cereza PNG gratis"},"content":{"rendered":"","protected":false},"excerpt":{"rendered":"","protected":false},"featured_media":10610,"template":"","meta":{"om_disable_all_campaigns":false,"_monsterinsights_skip_tracking":false,"_monsterinsights_sitenote_active":false,"_monsterinsights_sitenote_note":"","_monsterinsights_sitenote_category":0,"_uf_show_specific_survey":0,"_uf_disable_surveys":false},"product_brand":[],"product_cat":[1713,1719,129],"product_tag":[5606,400,5547,5607,1829],"class_list":{"0":"post-10611","1":"product","2":"type-product","3":"status-publish","4":"has-post-thumbnail","6":"product_cat-coffee-cup","7":"product_cat-drinks","8":"product_cat-logos","9":"product_tag-brown-and-cherry","10":"product_tag-coffee","11":"product_tag-coffee-beans","12":"product_tag-logo-duo","13":"product_tag-modern-style","15":"first","16":"instock","17":"downloadable","18":"virtual","19":"purchasable","20":"product-type-simple"},"aioseo_notices":[],"_links":{"self":[{"href":"https:\/\/pngate.com\/es\/wp-json\/wp\/v2\/product\/10611","targetHints":{"allow":["GET"]}}],"collection":[{"href":"https:\/\/pngate.com\/es\/wp-json\/wp\/v2\/product"}],"about":[{"href":"https:\/\/pngate.com\/es\/wp-json\/wp\/v2\/types\/product"}],"version-history":[{"count":1,"href":"https:\/\/pngate.com\/es\/wp-json\/wp\/v2\/product\/10611\/revisions"}],"predecessor-version":[{"id":17754,"href":"https:\/\/pngate.com\/es\/wp-json\/wp\/v2\/product\/10611\/revisions\/17754"}],"wp:featuredmedia":[{"embeddable":true,"href":"https:\/\/pngate.com\/es\/wp-json\/wp\/v2\/media\/10610"}],"wp:attachment":[{"href":"https:\/\/pngate.com\/es\/wp-json\/wp\/v2\/media?parent=10611"}],"wp:term":[{"taxonomy":"product_brand","embeddable":true,"href":"https:\/\/pngate.com\/es\/wp-json\/wp\/v2\/product_brand?post=10611"},{"taxonomy":"product_cat","embeddable":true,"href":"https:\/\/pngate.com\/es\/wp-json\/wp\/v2\/product_cat?post=10611"},{"taxonomy":"product_tag","embeddable":true,"href":"https:\/\/pngate.com\/es\/wp-json\/wp\/v2\/product_tag?post=10611"}],"curies":[{"name":"wp","href":"https:\/\/api.w.org\/{rel}","templated":true}]}}