{"id":10972,"date":"2025-06-21T09:32:03","date_gmt":"2025-06-21T06:32:03","guid":{"rendered":"https:\/\/pngate.com\/product\/settings-ios-app-icon-gear-design-silver-black-squircle-free-png\/"},"modified":"2025-07-14T18:44:17","modified_gmt":"2025-07-14T15:44:17","slug":"settings-ios-app-icon-gear-design-silver-black-squircle-free-png","status":"publish","type":"product","link":"https:\/\/pngate.com\/es\/producto\/settings-ios-app-icon-gear-design-silver-black-squircle-free-png\/","title":{"rendered":"Icono de la aplicaci\u00f3n iOS de configuraci\u00f3n Dise\u00f1o de engranaje Ardilla negra plateada PNG gratis"},"content":{"rendered":"","protected":false},"excerpt":{"rendered":"","protected":false},"featured_media":10971,"template":"","meta":{"om_disable_all_campaigns":false,"_monsterinsights_skip_tracking":false,"_monsterinsights_sitenote_active":false,"_monsterinsights_sitenote_note":"","_monsterinsights_sitenote_category":0,"_uf_show_specific_survey":0,"_uf_disable_surveys":false},"product_brand":[],"product_cat":[1706,1730,14],"product_tag":[730,141,2870,5757,2871,327,3655],"class_list":{"0":"post-10972","1":"product","2":"type-product","3":"status-publish","4":"has-post-thumbnail","6":"product_cat-buttons-ui","7":"product_cat-gears","8":"product_cat-icons","9":"product_tag-app-icon","10":"product_tag-black","11":"product_tag-gear","12":"product_tag-modern-ui","13":"product_tag-settings","14":"product_tag-silver","15":"product_tag-squircle","17":"first","18":"instock","19":"downloadable","20":"virtual","21":"purchasable","22":"product-type-simple"},"aioseo_notices":[],"_links":{"self":[{"href":"https:\/\/pngate.com\/es\/wp-json\/wp\/v2\/product\/10972","targetHints":{"allow":["GET"]}}],"collection":[{"href":"https:\/\/pngate.com\/es\/wp-json\/wp\/v2\/product"}],"about":[{"href":"https:\/\/pngate.com\/es\/wp-json\/wp\/v2\/types\/product"}],"version-history":[{"count":1,"href":"https:\/\/pngate.com\/es\/wp-json\/wp\/v2\/product\/10972\/revisions"}],"predecessor-version":[{"id":17874,"href":"https:\/\/pngate.com\/es\/wp-json\/wp\/v2\/product\/10972\/revisions\/17874"}],"wp:featuredmedia":[{"embeddable":true,"href":"https:\/\/pngate.com\/es\/wp-json\/wp\/v2\/media\/10971"}],"wp:attachment":[{"href":"https:\/\/pngate.com\/es\/wp-json\/wp\/v2\/media?parent=10972"}],"wp:term":[{"taxonomy":"product_brand","embeddable":true,"href":"https:\/\/pngate.com\/es\/wp-json\/wp\/v2\/product_brand?post=10972"},{"taxonomy":"product_cat","embeddable":true,"href":"https:\/\/pngate.com\/es\/wp-json\/wp\/v2\/product_cat?post=10972"},{"taxonomy":"product_tag","embeddable":true,"href":"https:\/\/pngate.com\/es\/wp-json\/wp\/v2\/product_tag?post=10972"}],"curies":[{"name":"wp","href":"https:\/\/api.w.org\/{rel}","templated":true}]}}