{"id":1144,"date":"2023-09-07T14:11:04","date_gmt":"2023-09-07T11:11:04","guid":{"rendered":"https:\/?post_type=product&#038;p=1144"},"modified":"2025-04-06T19:14:35","modified_gmt":"2025-04-06T16:14:35","slug":"facebook-blue-circled-logo","status":"publish","type":"product","link":"https:\/\/pngate.com\/es\/producto\/logo-en-un-circulo-azul-de-facebook\/","title":{"rendered":"Logotipo de Facebook con un c\u00edrculo azul"},"content":{"rendered":"","protected":false},"excerpt":{"rendered":"<p>\u00cdcono del logotipo con un c\u00edrculo azul de Facebook: desc\u00e1rgalo gratis en PNGate.com. Esta imagen PNG cuenta con un fondo transparente, lo que garantiza una f\u00e1cil integraci\u00f3n en sus proyectos. \u00a1No es necesario eliminar el fondo! Nuestros dedicados dise\u00f1adores de PNGate seleccionan constantemente im\u00e1genes predise\u00f1adas de vanguardia y ofrecen las \u00faltimas tendencias de dise\u00f1o al alcance de su mano. Mejora tus creaciones con esta imagen GRATUITA y de alta calidad con fondo transparente. Nuestras im\u00e1genes PNG son ideales para dise\u00f1adores, ilustradores, artistas, due\u00f1os de negocios, blogueros y otros que necesitan im\u00e1genes con fondos transparentes para su trabajo. \u00a1Transforme sus dise\u00f1os con nuestra imagen gratuita del logotipo con un c\u00edrculo azul de Facebook!<\/p>","protected":false},"featured_media":1151,"template":"","meta":{"om_disable_all_campaigns":false,"_monsterinsights_skip_tracking":false,"_monsterinsights_sitenote_active":false,"_monsterinsights_sitenote_note":"","_monsterinsights_sitenote_category":0,"_uf_show_specific_survey":0,"_uf_disable_surveys":false},"product_brand":[],"product_cat":[14,129,130],"product_tag":[147,105,142,148],"class_list":{"0":"post-1144","1":"product","2":"type-product","3":"status-publish","4":"has-post-thumbnail","6":"product_cat-icons","7":"product_cat-logos","8":"product_cat-social-web","9":"product_tag-blue","10":"product_tag-circled","11":"product_tag-facebook","12":"product_tag-gradient","14":"first","15":"instock","16":"downloadable","17":"virtual","18":"purchasable","19":"product-type-simple"},"aioseo_notices":[],"_links":{"self":[{"href":"https:\/\/pngate.com\/es\/wp-json\/wp\/v2\/product\/1144","targetHints":{"allow":["GET"]}}],"collection":[{"href":"https:\/\/pngate.com\/es\/wp-json\/wp\/v2\/product"}],"about":[{"href":"https:\/\/pngate.com\/es\/wp-json\/wp\/v2\/types\/product"}],"version-history":[{"count":4,"href":"https:\/\/pngate.com\/es\/wp-json\/wp\/v2\/product\/1144\/revisions"}],"predecessor-version":[{"id":1198,"href":"https:\/\/pngate.com\/es\/wp-json\/wp\/v2\/product\/1144\/revisions\/1198"}],"wp:featuredmedia":[{"embeddable":true,"href":"https:\/\/pngate.com\/es\/wp-json\/wp\/v2\/media\/1151"}],"wp:attachment":[{"href":"https:\/\/pngate.com\/es\/wp-json\/wp\/v2\/media?parent=1144"}],"wp:term":[{"taxonomy":"product_brand","embeddable":true,"href":"https:\/\/pngate.com\/es\/wp-json\/wp\/v2\/product_brand?post=1144"},{"taxonomy":"product_cat","embeddable":true,"href":"https:\/\/pngate.com\/es\/wp-json\/wp\/v2\/product_cat?post=1144"},{"taxonomy":"product_tag","embeddable":true,"href":"https:\/\/pngate.com\/es\/wp-json\/wp\/v2\/product_tag?post=1144"}],"curies":[{"name":"wp","href":"https:\/\/api.w.org\/{rel}","templated":true}]}}