{"id":14986,"date":"2025-07-09T23:06:50","date_gmt":"2025-07-09T20:06:50","guid":{"rendered":"https:\/\/pngate.com\/product\/stellar-circled-black-and-white-crypto-symbol-free-png\/"},"modified":"2025-07-14T19:04:51","modified_gmt":"2025-07-14T16:04:51","slug":"stellar-circled-black-and-white-crypto-symbol-free-png","status":"publish","type":"product","link":"https:\/\/pngate.com\/es\/producto\/stellar-circled-black-and-white-crypto-symbol-free-png\/","title":{"rendered":"S\u00edmbolo criptogr\u00e1fico estelar en c\u00edrculo en blanco y negro PNG gratis"},"content":{"rendered":"","protected":false},"excerpt":{"rendered":"","protected":false},"featured_media":14985,"template":"","meta":{"om_disable_all_campaigns":false,"_monsterinsights_skip_tracking":false,"_monsterinsights_sitenote_active":false,"_monsterinsights_sitenote_note":"","_monsterinsights_sitenote_category":0,"_uf_show_specific_survey":0,"_uf_disable_surveys":false},"product_brand":[],"product_cat":[3311,14,129,1752,1811],"product_tag":[2024,5733,1868,1281,947,7210,949,757],"class_list":{"0":"post-14986","1":"product","2":"type-product","3":"status-publish","4":"has-post-thumbnail","6":"product_cat-finance","7":"product_cat-icons","8":"product_cat-logos","9":"product_cat-minimalist","10":"product_cat-technology","11":"product_tag-black-and-white","12":"product_tag-circular","13":"product_tag-crypto","14":"product_tag-finance","15":"product_tag-minimalist","16":"product_tag-stellar","17":"product_tag-symbol","18":"product_tag-technology","20":"first","21":"instock","22":"downloadable","23":"virtual","24":"purchasable","25":"product-type-simple"},"aioseo_notices":[],"_links":{"self":[{"href":"https:\/\/pngate.com\/es\/wp-json\/wp\/v2\/product\/14986","targetHints":{"allow":["GET"]}}],"collection":[{"href":"https:\/\/pngate.com\/es\/wp-json\/wp\/v2\/product"}],"about":[{"href":"https:\/\/pngate.com\/es\/wp-json\/wp\/v2\/types\/product"}],"version-history":[{"count":1,"href":"https:\/\/pngate.com\/es\/wp-json\/wp\/v2\/product\/14986\/revisions"}],"predecessor-version":[{"id":19182,"href":"https:\/\/pngate.com\/es\/wp-json\/wp\/v2\/product\/14986\/revisions\/19182"}],"wp:featuredmedia":[{"embeddable":true,"href":"https:\/\/pngate.com\/es\/wp-json\/wp\/v2\/media\/14985"}],"wp:attachment":[{"href":"https:\/\/pngate.com\/es\/wp-json\/wp\/v2\/media?parent=14986"}],"wp:term":[{"taxonomy":"product_brand","embeddable":true,"href":"https:\/\/pngate.com\/es\/wp-json\/wp\/v2\/product_brand?post=14986"},{"taxonomy":"product_cat","embeddable":true,"href":"https:\/\/pngate.com\/es\/wp-json\/wp\/v2\/product_cat?post=14986"},{"taxonomy":"product_tag","embeddable":true,"href":"https:\/\/pngate.com\/es\/wp-json\/wp\/v2\/product_tag?post=14986"}],"curies":[{"name":"wp","href":"https:\/\/api.w.org\/{rel}","templated":true}]}}