{"id":15151,"date":"2025-07-10T15:36:52","date_gmt":"2025-07-10T12:36:52","guid":{"rendered":"https:\/\/pngate.com\/product\/ftx-token-circled-blue-crypto-symbol-free-png\/"},"modified":"2025-07-14T19:05:15","modified_gmt":"2025-07-14T16:05:15","slug":"ftx-token-circled-blue-crypto-symbol-free-png","status":"publish","type":"product","link":"https:\/\/pngate.com\/es\/producto\/ftx-token-circled-blue-crypto-symbol-free-png\/","title":{"rendered":"S\u00edmbolo criptogr\u00e1fico azul en c\u00edrculo del token FTX, PNG gratuito"},"content":{"rendered":"","protected":false},"excerpt":{"rendered":"","protected":false},"featured_media":15150,"template":"","meta":{"om_disable_all_campaigns":false,"_monsterinsights_skip_tracking":false,"_monsterinsights_sitenote_active":false,"_monsterinsights_sitenote_note":"","_monsterinsights_sitenote_category":0,"_uf_show_specific_survey":0,"_uf_disable_surveys":false},"product_brand":[],"product_cat":[14,129,1752,130],"product_tag":[7089,7237,1868,7234],"class_list":{"0":"post-15151","1":"product","2":"type-product","3":"status-publish","4":"has-post-thumbnail","6":"product_cat-icons","7":"product_cat-logos","8":"product_cat-minimalist","9":"product_cat-social-web","10":"product_tag-blue-symbol","11":"product_tag-circled-logo","12":"product_tag-crypto","13":"product_tag-ftx-token","15":"first","16":"instock","17":"downloadable","18":"virtual","19":"purchasable","20":"product-type-simple"},"aioseo_notices":[],"_links":{"self":[{"href":"https:\/\/pngate.com\/es\/wp-json\/wp\/v2\/product\/15151","targetHints":{"allow":["GET"]}}],"collection":[{"href":"https:\/\/pngate.com\/es\/wp-json\/wp\/v2\/product"}],"about":[{"href":"https:\/\/pngate.com\/es\/wp-json\/wp\/v2\/types\/product"}],"version-history":[{"count":1,"href":"https:\/\/pngate.com\/es\/wp-json\/wp\/v2\/product\/15151\/revisions"}],"predecessor-version":[{"id":19205,"href":"https:\/\/pngate.com\/es\/wp-json\/wp\/v2\/product\/15151\/revisions\/19205"}],"wp:featuredmedia":[{"embeddable":true,"href":"https:\/\/pngate.com\/es\/wp-json\/wp\/v2\/media\/15150"}],"wp:attachment":[{"href":"https:\/\/pngate.com\/es\/wp-json\/wp\/v2\/media?parent=15151"}],"wp:term":[{"taxonomy":"product_brand","embeddable":true,"href":"https:\/\/pngate.com\/es\/wp-json\/wp\/v2\/product_brand?post=15151"},{"taxonomy":"product_cat","embeddable":true,"href":"https:\/\/pngate.com\/es\/wp-json\/wp\/v2\/product_cat?post=15151"},{"taxonomy":"product_tag","embeddable":true,"href":"https:\/\/pngate.com\/es\/wp-json\/wp\/v2\/product_tag?post=15151"}],"curies":[{"name":"wp","href":"https:\/\/api.w.org\/{rel}","templated":true}]}}