{"id":15287,"date":"2025-07-10T23:51:48","date_gmt":"2025-07-10T20:51:48","guid":{"rendered":"https:\/\/pngate.com\/product\/eos-crypto-coin-monochrome-black-geometric-symbol-free-png\/"},"modified":"2025-07-14T19:05:39","modified_gmt":"2025-07-14T16:05:39","slug":"eos-crypto-coin-monochrome-black-geometric-symbol-free-png","status":"publish","type":"product","link":"https:\/\/pngate.com\/es\/producto\/eos-crypto-coin-monochrome-black-geometric-symbol-free-png\/","title":{"rendered":"S\u00edmbolo geom\u00e9trico negro monocrom\u00e1tico de la criptomoneda Eos, PNG gratis"},"content":{"rendered":"","protected":false},"excerpt":{"rendered":"","protected":false},"featured_media":15286,"template":"","meta":{"om_disable_all_campaigns":false,"_monsterinsights_skip_tracking":false,"_monsterinsights_sitenote_active":false,"_monsterinsights_sitenote_note":"","_monsterinsights_sitenote_category":0,"_uf_show_specific_survey":0,"_uf_disable_surveys":false},"product_brand":[],"product_cat":[14,1811,1714,1732,129],"product_tag":[141,418,1868,7199,183,949],"class_list":{"0":"post-15287","1":"product","2":"type-product","3":"status-publish","4":"has-post-thumbnail","6":"product_cat-icons","7":"product_cat-technology","8":"product_cat-coins","9":"product_cat-geometric-shapes","10":"product_cat-logos","11":"product_tag-black","12":"product_tag-coin","13":"product_tag-crypto","14":"product_tag-eos","15":"product_tag-geometric","16":"product_tag-symbol","18":"first","19":"instock","20":"downloadable","21":"virtual","22":"purchasable","23":"product-type-simple"},"aioseo_notices":[],"_links":{"self":[{"href":"https:\/\/pngate.com\/es\/wp-json\/wp\/v2\/product\/15287","targetHints":{"allow":["GET"]}}],"collection":[{"href":"https:\/\/pngate.com\/es\/wp-json\/wp\/v2\/product"}],"about":[{"href":"https:\/\/pngate.com\/es\/wp-json\/wp\/v2\/types\/product"}],"version-history":[{"count":1,"href":"https:\/\/pngate.com\/es\/wp-json\/wp\/v2\/product\/15287\/revisions"}],"predecessor-version":[{"id":19231,"href":"https:\/\/pngate.com\/es\/wp-json\/wp\/v2\/product\/15287\/revisions\/19231"}],"wp:featuredmedia":[{"embeddable":true,"href":"https:\/\/pngate.com\/es\/wp-json\/wp\/v2\/media\/15286"}],"wp:attachment":[{"href":"https:\/\/pngate.com\/es\/wp-json\/wp\/v2\/media?parent=15287"}],"wp:term":[{"taxonomy":"product_brand","embeddable":true,"href":"https:\/\/pngate.com\/es\/wp-json\/wp\/v2\/product_brand?post=15287"},{"taxonomy":"product_cat","embeddable":true,"href":"https:\/\/pngate.com\/es\/wp-json\/wp\/v2\/product_cat?post=15287"},{"taxonomy":"product_tag","embeddable":true,"href":"https:\/\/pngate.com\/es\/wp-json\/wp\/v2\/product_tag?post=15287"}],"curies":[{"name":"wp","href":"https:\/\/api.w.org\/{rel}","templated":true}]}}