{"id":19252,"date":"2025-07-21T15:23:41","date_gmt":"2025-07-21T12:23:41","guid":{"rendered":"https:\/\/pngate.com\/product\/nossa-senhora-das-gracas-blue-robe-statue-free-png\/"},"modified":"2025-07-21T15:23:41","modified_gmt":"2025-07-21T12:23:41","slug":"nossa-senhora-das-gracas-blue-robe-statue-free-png","status":"publish","type":"product","link":"https:\/\/pngate.com\/es\/producto\/nossa-senhora-das-gracas-blue-robe-statue-free-png\/","title":{"rendered":"Estatua de Nossa Senhora das Gra\u00e7as T\u00fanica Azul PNG gratis"},"content":{"rendered":"<p>Este impactante PNG presenta una hermosa estatua de Nossa Senhora das Gra\u00e7as, ataviada con una vaporosa t\u00fanica azul que simboliza la pureza y la gracia. La detallada artesan\u00eda captura su expresi\u00f3n serena, con la intenci\u00f3n de inspirar devoci\u00f3n y reflexi\u00f3n. Con un fondo transparente, esta imagen complementa f\u00e1cilmente diversos proyectos, permitiendo usos creativos en dise\u00f1os espirituales o tem\u00e1ticos.<\/p>","protected":false},"excerpt":{"rendered":"<p>Esta impactante imagen PNG presenta una hermosa estatua de Nossa Senhora das Gra\u00e7as, ataviada con una vaporosa t\u00fanica azul que simboliza la pureza y la gracia. La detallada artesan\u00eda...<span class=\"excerpt-hellip\"> [\u2026]<\/span><\/p>","protected":false},"featured_media":19251,"template":"","meta":{"om_disable_all_campaigns":false,"_monsterinsights_skip_tracking":false,"_monsterinsights_sitenote_active":false,"_monsterinsights_sitenote_note":"","_monsterinsights_sitenote_category":0,"_uf_show_specific_survey":0,"_uf_disable_surveys":false},"product_brand":[],"product_cat":[124,1725,14,125],"product_tag":[7256,7257,3395,7259,2585,1468,7258,7255],"class_list":{"0":"post-19252","1":"product","2":"type-product","3":"status-publish","4":"has-post-thumbnail","6":"product_cat-clipart","7":"product_cat-floral-patterns","8":"product_cat-icons","9":"product_cat-people","10":"product_tag-blue-robe","11":"product_tag-catholic-icon","12":"product_tag-cultural-heritage","13":"product_tag-devotion","14":"product_tag-religious-art","15":"product_tag-spirituality","16":"product_tag-statue","17":"product_tag-virgin-mary","19":"first","20":"instock","21":"downloadable","22":"virtual","23":"purchasable","24":"product-type-simple"},"aioseo_notices":[],"_links":{"self":[{"href":"https:\/\/pngate.com\/es\/wp-json\/wp\/v2\/product\/19252","targetHints":{"allow":["GET"]}}],"collection":[{"href":"https:\/\/pngate.com\/es\/wp-json\/wp\/v2\/product"}],"about":[{"href":"https:\/\/pngate.com\/es\/wp-json\/wp\/v2\/types\/product"}],"version-history":[{"count":0,"href":"https:\/\/pngate.com\/es\/wp-json\/wp\/v2\/product\/19252\/revisions"}],"wp:featuredmedia":[{"embeddable":true,"href":"https:\/\/pngate.com\/es\/wp-json\/wp\/v2\/media\/19251"}],"wp:attachment":[{"href":"https:\/\/pngate.com\/es\/wp-json\/wp\/v2\/media?parent=19252"}],"wp:term":[{"taxonomy":"product_brand","embeddable":true,"href":"https:\/\/pngate.com\/es\/wp-json\/wp\/v2\/product_brand?post=19252"},{"taxonomy":"product_cat","embeddable":true,"href":"https:\/\/pngate.com\/es\/wp-json\/wp\/v2\/product_cat?post=19252"},{"taxonomy":"product_tag","embeddable":true,"href":"https:\/\/pngate.com\/es\/wp-json\/wp\/v2\/product_tag?post=19252"}],"curies":[{"name":"wp","href":"https:\/\/api.w.org\/{rel}","templated":true}]}}