{"id":19256,"date":"2025-07-21T15:32:30","date_gmt":"2025-07-21T12:32:30","guid":{"rendered":"https:\/\/pngate.com\/product\/nossa-senhora-das-gracas-blue-robe-halo-roses-religious-art-free-png\/"},"modified":"2025-07-21T15:32:30","modified_gmt":"2025-07-21T12:32:30","slug":"nossa-senhora-das-gracas-blue-robe-halo-roses-religious-art-free-png","status":"publish","type":"product","link":"https:\/\/pngate.com\/es\/producto\/nossa-senhora-das-gracas-blue-robe-halo-roses-religious-art-free-png\/","title":{"rendered":"Nossa Senhora das Gra\u00e7as T\u00fanica Azul Halo Rosas Arte Religioso PNG gratis"},"content":{"rendered":"<p>Esta representaci\u00f3n de Nossa Senhora das Gra\u00e7as captura la serena belleza y gracia de la Virgen Mar\u00eda, ataviada con un vaporoso manto azul y un halo de rosas. Su expresi\u00f3n amable y sus brazos abiertos transmiten calidez y aceptaci\u00f3n, convirti\u00e9ndola en una pieza significativa para la reflexi\u00f3n espiritual o la decoraci\u00f3n. La imagen est\u00e1 elaborada en alta calidad con fondo transparente en formato PNG, ideal para diversos usos creativos.<\/p>","protected":false},"excerpt":{"rendered":"<p>Esta representaci\u00f3n de Nossa Senhora das Gra\u00e7as captura la serena belleza y la gracia de la Virgen Mar\u00eda, adornada con una t\u00fanica azul fluida con un halo.<span class=\"excerpt-hellip\"> [\u2026]<\/span><\/p>","protected":false},"featured_media":19255,"template":"","meta":{"om_disable_all_campaigns":false,"_monsterinsights_skip_tracking":false,"_monsterinsights_sitenote_active":false,"_monsterinsights_sitenote_note":"","_monsterinsights_sitenote_category":0,"_uf_show_specific_survey":0,"_uf_disable_surveys":false},"product_brand":[],"product_cat":[3211],"product_tag":[385,7260,7262,1202,7261,1850,2215],"class_list":{"0":"post-19256","1":"product","2":"type-product","3":"status-publish","4":"has-post-thumbnail","6":"product_cat-religious","7":"product_tag-art","8":"product_tag-catholic","9":"product_tag-grace","10":"product_tag-halo","11":"product_tag-mary","12":"product_tag-religious","13":"product_tag-roses","15":"first","16":"instock","17":"downloadable","18":"virtual","19":"purchasable","20":"product-type-simple"},"aioseo_notices":[],"_links":{"self":[{"href":"https:\/\/pngate.com\/es\/wp-json\/wp\/v2\/product\/19256","targetHints":{"allow":["GET"]}}],"collection":[{"href":"https:\/\/pngate.com\/es\/wp-json\/wp\/v2\/product"}],"about":[{"href":"https:\/\/pngate.com\/es\/wp-json\/wp\/v2\/types\/product"}],"version-history":[{"count":0,"href":"https:\/\/pngate.com\/es\/wp-json\/wp\/v2\/product\/19256\/revisions"}],"wp:featuredmedia":[{"embeddable":true,"href":"https:\/\/pngate.com\/es\/wp-json\/wp\/v2\/media\/19255"}],"wp:attachment":[{"href":"https:\/\/pngate.com\/es\/wp-json\/wp\/v2\/media?parent=19256"}],"wp:term":[{"taxonomy":"product_brand","embeddable":true,"href":"https:\/\/pngate.com\/es\/wp-json\/wp\/v2\/product_brand?post=19256"},{"taxonomy":"product_cat","embeddable":true,"href":"https:\/\/pngate.com\/es\/wp-json\/wp\/v2\/product_cat?post=19256"},{"taxonomy":"product_tag","embeddable":true,"href":"https:\/\/pngate.com\/es\/wp-json\/wp\/v2\/product_tag?post=19256"}],"curies":[{"name":"wp","href":"https:\/\/api.w.org\/{rel}","templated":true}]}}