{"id":19266,"date":"2025-07-21T16:03:17","date_gmt":"2025-07-21T13:03:17","guid":{"rendered":"https:\/\/pngate.com\/product\/teen-titans-go-robin-hero-with-pattern-colorful-cartoon-character-free-png\/"},"modified":"2025-07-21T16:12:41","modified_gmt":"2025-07-21T13:12:41","slug":"teen-titans-go-robin-hero-with-pattern-colorful-cartoon-character-free-png","status":"publish","type":"product","link":"https:\/\/pngate.com\/es\/producto\/teen-titans-go-robin-hero-with-pattern-colorful-cartoon-character-free-png\/","title":{"rendered":"Robin de Teen Titans Go: H\u00e9roe con patr\u00f3n, personaje de dibujos animados colorido, PNG gratis"},"content":{"rendered":"<p>Este vibrante PNG presenta a Robin, el ic\u00f3nico personaje de Teen Titans Go. Con un llamativo traje verde y rojo, se yergue firme y seguro, personificando el hero\u00edsmo y la diversi\u00f3n. Los divertidos patrones del fondo a\u00f1aden un toque de creatividad, haciendo que esta imagen sea perfecta para los fans de la serie. El fondo transparente permite una integraci\u00f3n perfecta en diversos proyectos.<\/p>","protected":false},"excerpt":{"rendered":"<p>Este vibrante PNG presenta a Robin, el ic\u00f3nico personaje de Teen Titans Go. Con un llamativo traje verde y rojo, se yergue firme con un aire de...<span class=\"excerpt-hellip\"> [\u2026]<\/span><\/p>","protected":false},"featured_media":19265,"template":"","meta":{"om_disable_all_campaigns":false,"_monsterinsights_skip_tracking":false,"_monsterinsights_sitenote_active":false,"_monsterinsights_sitenote_note":"","_monsterinsights_sitenote_category":0,"_uf_show_specific_survey":0,"_uf_disable_surveys":false},"product_brand":[],"product_cat":[14,798,1940,135],"product_tag":[601,1428,2469,1385,5063,245,5062],"class_list":{"0":"post-19266","1":"product","2":"type-product","3":"status-publish","4":"has-post-thumbnail","6":"product_cat-icons","7":"product_cat-cartoon-anime","8":"product_cat-characters","9":"product_cat-gaming","10":"product_tag-animation","11":"product_tag-cartoon-character","12":"product_tag-colorful-design","13":"product_tag-hero","14":"product_tag-robin","15":"product_tag-superhero","16":"product_tag-teen-titans","18":"first","19":"instock","20":"downloadable","21":"virtual","22":"purchasable","23":"product-type-simple"},"aioseo_notices":[],"_links":{"self":[{"href":"https:\/\/pngate.com\/es\/wp-json\/wp\/v2\/product\/19266","targetHints":{"allow":["GET"]}}],"collection":[{"href":"https:\/\/pngate.com\/es\/wp-json\/wp\/v2\/product"}],"about":[{"href":"https:\/\/pngate.com\/es\/wp-json\/wp\/v2\/types\/product"}],"version-history":[{"count":3,"href":"https:\/\/pngate.com\/es\/wp-json\/wp\/v2\/product\/19266\/revisions"}],"predecessor-version":[{"id":19270,"href":"https:\/\/pngate.com\/es\/wp-json\/wp\/v2\/product\/19266\/revisions\/19270"}],"wp:featuredmedia":[{"embeddable":true,"href":"https:\/\/pngate.com\/es\/wp-json\/wp\/v2\/media\/19265"}],"wp:attachment":[{"href":"https:\/\/pngate.com\/es\/wp-json\/wp\/v2\/media?parent=19266"}],"wp:term":[{"taxonomy":"product_brand","embeddable":true,"href":"https:\/\/pngate.com\/es\/wp-json\/wp\/v2\/product_brand?post=19266"},{"taxonomy":"product_cat","embeddable":true,"href":"https:\/\/pngate.com\/es\/wp-json\/wp\/v2\/product_cat?post=19266"},{"taxonomy":"product_tag","embeddable":true,"href":"https:\/\/pngate.com\/es\/wp-json\/wp\/v2\/product_tag?post=19266"}],"curies":[{"name":"wp","href":"https:\/\/api.w.org\/{rel}","templated":true}]}}