{"id":19275,"date":"2025-07-21T16:19:34","date_gmt":"2025-07-21T13:19:34","guid":{"rendered":"https:\/\/pngate.com\/product\/set-of-woman-hand-with-middle-finger-up-illustration-free-png\/"},"modified":"2025-07-21T16:19:34","modified_gmt":"2025-07-21T13:19:34","slug":"set-of-woman-hand-with-middle-finger-up-illustration-free-png","status":"publish","type":"product","link":"https:\/\/pngate.com\/es\/producto\/set-of-woman-hand-with-middle-finger-up-illustration-free-png\/","title":{"rendered":"Ilustraci\u00f3n de mano de mujer con el dedo medio hacia arriba (PNG) gratis"},"content":{"rendered":"<p>This illustration features a set of hands with the middle finger raised, showcasing bold red nails. This powerful gesture conveys a range of emotions, from defiance to humor, making it perfect for personal projects or social media. With a transparent background, the high-quality PNG format allows for effortless integration into various designs while emphasizing the striking visual appeal of the hands.<\/p>","protected":false},"excerpt":{"rendered":"<p>Esta ilustraci\u00f3n presenta unas manos con el dedo medio levantado, luciendo unas u\u00f1as rojas y llamativas. Este poderoso gesto transmite una gama de emociones, desde desaf\u00edo...<span class=\"excerpt-hellip\"> [\u2026]<\/span><\/p>","protected":false},"featured_media":19274,"template":"","meta":{"om_disable_all_campaigns":false,"_monsterinsights_skip_tracking":false,"_monsterinsights_sitenote_active":false,"_monsterinsights_sitenote_note":"","_monsterinsights_sitenote_category":0,"_uf_show_specific_survey":0,"_uf_disable_surveys":false},"product_brand":[],"product_cat":[124,1738,125],"product_tag":[1420,860,5640,7275,7276,7278,7277],"class_list":{"0":"post-19275","1":"product","2":"type-product","3":"status-publish","4":"has-post-thumbnail","6":"product_cat-clipart","7":"product_cat-hands","8":"product_cat-people","9":"product_tag-emotions","10":"product_tag-expression","11":"product_tag-hand-gesture","12":"product_tag-middle-finger","13":"product_tag-red-nails","14":"product_tag-sarcasm","15":"product_tag-woman-hands","17":"first","18":"instock","19":"downloadable","20":"virtual","21":"purchasable","22":"product-type-simple"},"aioseo_notices":[],"_links":{"self":[{"href":"https:\/\/pngate.com\/es\/wp-json\/wp\/v2\/product\/19275","targetHints":{"allow":["GET"]}}],"collection":[{"href":"https:\/\/pngate.com\/es\/wp-json\/wp\/v2\/product"}],"about":[{"href":"https:\/\/pngate.com\/es\/wp-json\/wp\/v2\/types\/product"}],"version-history":[{"count":0,"href":"https:\/\/pngate.com\/es\/wp-json\/wp\/v2\/product\/19275\/revisions"}],"wp:featuredmedia":[{"embeddable":true,"href":"https:\/\/pngate.com\/es\/wp-json\/wp\/v2\/media\/19274"}],"wp:attachment":[{"href":"https:\/\/pngate.com\/es\/wp-json\/wp\/v2\/media?parent=19275"}],"wp:term":[{"taxonomy":"product_brand","embeddable":true,"href":"https:\/\/pngate.com\/es\/wp-json\/wp\/v2\/product_brand?post=19275"},{"taxonomy":"product_cat","embeddable":true,"href":"https:\/\/pngate.com\/es\/wp-json\/wp\/v2\/product_cat?post=19275"},{"taxonomy":"product_tag","embeddable":true,"href":"https:\/\/pngate.com\/es\/wp-json\/wp\/v2\/product_tag?post=19275"}],"curies":[{"name":"wp","href":"https:\/\/api.w.org\/{rel}","templated":true}]}}