{"id":19284,"date":"2025-07-21T17:03:56","date_gmt":"2025-07-21T14:03:56","guid":{"rendered":"https:\/\/pngate.com\/product\/bts-k-pop-boysband-black-white-group-photo-fun-illustrations-free-png\/"},"modified":"2025-07-21T17:03:56","modified_gmt":"2025-07-21T14:03:56","slug":"bts-k-pop-boysband-black-white-group-photo-fun-illustrations-free-png","status":"publish","type":"product","link":"https:\/\/pngate.com\/es\/producto\/bts-k-pop-boysband-black-white-group-photo-fun-illustrations-free-png\/","title":{"rendered":"Fotos grupales en blanco y negro de la banda de chicos K-pop BTS, ilustraciones divertidas PNG gratis"},"content":{"rendered":"<p>Esta vibrante imagen PNG muestra una alegre ilustraci\u00f3n en blanco y negro de una banda masculina de K-pop. El vibrante arreglo evoca camarader\u00eda y alegr\u00eda, capturando la esencia de la cultura juvenil. Perfecta para proyectos musicales, esta imagen presenta un fondo transparente, lo que facilita su incorporaci\u00f3n en diversos dise\u00f1os.<\/p>","protected":false},"excerpt":{"rendered":"<p>Esta vibrante imagen PNG muestra una divertida ilustraci\u00f3n en blanco y negro de una banda masculina de K-pop. El vibrante arreglo retrata un sentido de camarader\u00eda y alegr\u00eda, capturando la...<span class=\"excerpt-hellip\"> [\u2026]<\/span><\/p>","protected":false},"featured_media":19283,"template":"","meta":{"om_disable_all_campaigns":false,"_monsterinsights_skip_tracking":false,"_monsterinsights_sitenote_active":false,"_monsterinsights_sitenote_note":"","_monsterinsights_sitenote_category":0,"_uf_show_specific_survey":0,"_uf_disable_surveys":false},"product_brand":[],"product_cat":[798,138,125],"product_tag":[2024,7285,1363,7286,1231,7284,1005],"class_list":{"0":"post-19284","1":"product","2":"type-product","3":"status-publish","4":"has-post-thumbnail","6":"product_cat-cartoon-anime","7":"product_cat-music","8":"product_cat-people","9":"product_tag-black-and-white","10":"product_tag-boysband","11":"product_tag-fun","12":"product_tag-group-photo","13":"product_tag-illustrations","14":"product_tag-k-pop","15":"product_tag-music","17":"first","18":"instock","19":"downloadable","20":"virtual","21":"purchasable","22":"product-type-simple"},"aioseo_notices":[],"_links":{"self":[{"href":"https:\/\/pngate.com\/es\/wp-json\/wp\/v2\/product\/19284","targetHints":{"allow":["GET"]}}],"collection":[{"href":"https:\/\/pngate.com\/es\/wp-json\/wp\/v2\/product"}],"about":[{"href":"https:\/\/pngate.com\/es\/wp-json\/wp\/v2\/types\/product"}],"version-history":[{"count":0,"href":"https:\/\/pngate.com\/es\/wp-json\/wp\/v2\/product\/19284\/revisions"}],"wp:featuredmedia":[{"embeddable":true,"href":"https:\/\/pngate.com\/es\/wp-json\/wp\/v2\/media\/19283"}],"wp:attachment":[{"href":"https:\/\/pngate.com\/es\/wp-json\/wp\/v2\/media?parent=19284"}],"wp:term":[{"taxonomy":"product_brand","embeddable":true,"href":"https:\/\/pngate.com\/es\/wp-json\/wp\/v2\/product_brand?post=19284"},{"taxonomy":"product_cat","embeddable":true,"href":"https:\/\/pngate.com\/es\/wp-json\/wp\/v2\/product_cat?post=19284"},{"taxonomy":"product_tag","embeddable":true,"href":"https:\/\/pngate.com\/es\/wp-json\/wp\/v2\/product_tag?post=19284"}],"curies":[{"name":"wp","href":"https:\/\/api.w.org\/{rel}","templated":true}]}}