{"id":19287,"date":"2025-07-21T17:24:44","date_gmt":"2025-07-21T14:24:44","guid":{"rendered":"https:\/\/pngate.com\/product\/hiccup-horrendous-haddock-how-to-train-your-dragon-toothless-free-png\/"},"modified":"2025-07-21T17:24:44","modified_gmt":"2025-07-21T14:24:44","slug":"hiccup-horrendous-haddock-how-to-train-your-dragon-toothless-free-png","status":"publish","type":"product","link":"https:\/\/pngate.com\/es\/producto\/hiccup-horrendous-haddock-how-to-train-your-dragon-toothless-free-png\/","title":{"rendered":"Hipo Horrendo Abadejo C\u00f3mo entrenar a tu drag\u00f3n Desdentado PNG gratis"},"content":{"rendered":"<p>Esta cautivadora imagen presenta a Desdentao, el querido drag\u00f3n Furia Nocturna de la serie &quot;C\u00f3mo entrenar a tu drag\u00f3n&quot;. Con su impactante tono azul y su pose din\u00e1mica, el personaje encarna tanto la travesura como la lealtad. Ideal para los fans de la franquicia, esta imagen PNG de alta calidad tiene un fondo transparente, lo que la hace perfecta para a\u00f1adirla a diversos proyectos o crear collages \u00fanicos sin necesidad de edici\u00f3n adicional.<\/p>","protected":false},"excerpt":{"rendered":"<p>Esta cautivadora imagen presenta a Desdentao, el querido drag\u00f3n Furia Nocturna de la serie &quot;C\u00f3mo entrenar a tu drag\u00f3n&quot;. Con su impactante tono azul y su pose din\u00e1mica,<span class=\"excerpt-hellip\"> [\u2026]<\/span><\/p>","protected":false},"featured_media":19286,"template":"","meta":{"om_disable_all_campaigns":false,"_monsterinsights_skip_tracking":false,"_monsterinsights_sitenote_active":false,"_monsterinsights_sitenote_note":"","_monsterinsights_sitenote_category":0,"_uf_show_specific_survey":0,"_uf_disable_surveys":false},"product_brand":[],"product_cat":[798,136,135],"product_tag":[7289,1428,7287,5374,5373,7288],"class_list":{"0":"post-19287","1":"product","2":"type-product","3":"status-publish","4":"has-post-thumbnail","6":"product_cat-cartoon-anime","7":"product_cat-fantasy","8":"product_cat-gaming","9":"product_tag-blue-dragon","10":"product_tag-cartoon-character","11":"product_tag-hiccup-horrendous-haddock","12":"product_tag-how-to-train-your-dragon","13":"product_tag-night-fury","14":"product_tag-toothless","16":"first","17":"instock","18":"downloadable","19":"virtual","20":"purchasable","21":"product-type-simple"},"aioseo_notices":[],"_links":{"self":[{"href":"https:\/\/pngate.com\/es\/wp-json\/wp\/v2\/product\/19287","targetHints":{"allow":["GET"]}}],"collection":[{"href":"https:\/\/pngate.com\/es\/wp-json\/wp\/v2\/product"}],"about":[{"href":"https:\/\/pngate.com\/es\/wp-json\/wp\/v2\/types\/product"}],"version-history":[{"count":0,"href":"https:\/\/pngate.com\/es\/wp-json\/wp\/v2\/product\/19287\/revisions"}],"wp:featuredmedia":[{"embeddable":true,"href":"https:\/\/pngate.com\/es\/wp-json\/wp\/v2\/media\/19286"}],"wp:attachment":[{"href":"https:\/\/pngate.com\/es\/wp-json\/wp\/v2\/media?parent=19287"}],"wp:term":[{"taxonomy":"product_brand","embeddable":true,"href":"https:\/\/pngate.com\/es\/wp-json\/wp\/v2\/product_brand?post=19287"},{"taxonomy":"product_cat","embeddable":true,"href":"https:\/\/pngate.com\/es\/wp-json\/wp\/v2\/product_cat?post=19287"},{"taxonomy":"product_tag","embeddable":true,"href":"https:\/\/pngate.com\/es\/wp-json\/wp\/v2\/product_tag?post=19287"}],"curies":[{"name":"wp","href":"https:\/\/api.w.org\/{rel}","templated":true}]}}