{"id":19296,"date":"2025-07-21T18:27:47","date_gmt":"2025-07-21T15:27:47","guid":{"rendered":"https:\/\/pngate.com\/product\/hiccup-character-how-to-train-your-dragon-animated-hero-free-png\/"},"modified":"2025-07-21T18:27:47","modified_gmt":"2025-07-21T15:27:47","slug":"hiccup-character-how-to-train-your-dragon-animated-hero-free-png","status":"publish","type":"product","link":"https:\/\/pngate.com\/es\/producto\/hiccup-character-how-to-train-your-dragon-animated-hero-free-png\/","title":{"rendered":"Personaje de Hipo de C\u00f3mo entrenar a tu drag\u00f3n, h\u00e9roe animado, PNG gratis"},"content":{"rendered":"<p>Esta imagen PNG presenta a Hipo, el querido h\u00e9roe animado de &quot;C\u00f3mo entrenar a tu drag\u00f3n&quot;, luciendo su ic\u00f3nico traje verde y marr\u00f3n. La pose segura y la expresi\u00f3n decidida del personaje capturan el esp\u00edritu aventurero de la franquicia. Con fondo transparente, esta imagen de alta calidad es perfecta para proyectos creativos, narraci\u00f3n o fan art, lo que permite un uso vers\u00e1til sin distracciones.<\/p>","protected":false},"excerpt":{"rendered":"<p>Esta imagen PNG presenta a Hipo, el querido h\u00e9roe animado de &quot;C\u00f3mo entrenar a tu drag\u00f3n&quot;, luciendo su ic\u00f3nico atuendo verde y marr\u00f3n. La pose segura del personaje.<span class=\"excerpt-hellip\"> [\u2026]<\/span><\/p>","protected":false},"featured_media":19295,"template":"","meta":{"om_disable_all_campaigns":false,"_monsterinsights_skip_tracking":false,"_monsterinsights_sitenote_active":false,"_monsterinsights_sitenote_note":"","_monsterinsights_sitenote_category":0,"_uf_show_specific_survey":0,"_uf_disable_surveys":false},"product_brand":[],"product_cat":[798,1940,136,137],"product_tag":[7293,387,5406,5374],"class_list":{"0":"post-19296","1":"product","2":"type-product","3":"status-publish","4":"has-post-thumbnail","6":"product_cat-cartoon-anime","7":"product_cat-characters","8":"product_cat-fantasy","9":"product_cat-movies","10":"product_tag-animated-hero","11":"product_tag-dragon","12":"product_tag-hiccup","13":"product_tag-how-to-train-your-dragon","15":"first","16":"instock","17":"downloadable","18":"virtual","19":"purchasable","20":"product-type-simple"},"aioseo_notices":[],"_links":{"self":[{"href":"https:\/\/pngate.com\/es\/wp-json\/wp\/v2\/product\/19296","targetHints":{"allow":["GET"]}}],"collection":[{"href":"https:\/\/pngate.com\/es\/wp-json\/wp\/v2\/product"}],"about":[{"href":"https:\/\/pngate.com\/es\/wp-json\/wp\/v2\/types\/product"}],"version-history":[{"count":0,"href":"https:\/\/pngate.com\/es\/wp-json\/wp\/v2\/product\/19296\/revisions"}],"wp:featuredmedia":[{"embeddable":true,"href":"https:\/\/pngate.com\/es\/wp-json\/wp\/v2\/media\/19295"}],"wp:attachment":[{"href":"https:\/\/pngate.com\/es\/wp-json\/wp\/v2\/media?parent=19296"}],"wp:term":[{"taxonomy":"product_brand","embeddable":true,"href":"https:\/\/pngate.com\/es\/wp-json\/wp\/v2\/product_brand?post=19296"},{"taxonomy":"product_cat","embeddable":true,"href":"https:\/\/pngate.com\/es\/wp-json\/wp\/v2\/product_cat?post=19296"},{"taxonomy":"product_tag","embeddable":true,"href":"https:\/\/pngate.com\/es\/wp-json\/wp\/v2\/product_tag?post=19296"}],"curies":[{"name":"wp","href":"https:\/\/api.w.org\/{rel}","templated":true}]}}