{"id":19299,"date":"2025-07-21T18:48:44","date_gmt":"2025-07-21T15:48:44","guid":{"rendered":"https:\/\/pngate.com\/product\/hiccup-and-astrid-in-how-to-train-your-dragon-animated-characters-free-png\/"},"modified":"2025-07-21T18:48:44","modified_gmt":"2025-07-21T15:48:44","slug":"hiccup-and-astrid-in-how-to-train-your-dragon-animated-characters-free-png","status":"publish","type":"product","link":"https:\/\/pngate.com\/es\/producto\/hiccup-and-astrid-in-how-to-train-your-dragon-animated-characters-free-png\/","title":{"rendered":"Hipo y Astrid en C\u00f3mo entrenar a tu drag\u00f3n: personajes animados gratis PNG"},"content":{"rendered":"<p>Esta encantadora imagen presenta a Hipo y Astrid de &quot;C\u00f3mo entrenar a tu drag\u00f3n&quot;, ambos con armaduras de intrincados detalles, que irradian valent\u00eda y amistad. Sus c\u00e1lidas sonrisas capturan su esp\u00edritu aventurero, lo que la hace perfecta para diversos proyectos, desde narraci\u00f3n de cuentos hasta materiales educativos. Est\u00e1 disponible en alta calidad con fondo transparente, lo que garantiza su versatilidad para cualquier uso en dise\u00f1os digitales.<\/p>","protected":false},"excerpt":{"rendered":"<p>Esta encantadora imagen presenta a Hipo y Astrid de \u201cC\u00f3mo entrenar a tu drag\u00f3n\u201d, ambos vestidos con una armadura intrincadamente detallada que irradia una sensaci\u00f3n de valent\u00eda y amistad.<span class=\"excerpt-hellip\"> [\u2026]<\/span><\/p>","protected":false},"featured_media":19298,"template":"","meta":{"om_disable_all_campaigns":false,"_monsterinsights_skip_tracking":false,"_monsterinsights_sitenote_active":false,"_monsterinsights_sitenote_note":"","_monsterinsights_sitenote_category":0,"_uf_show_specific_survey":0,"_uf_disable_surveys":false},"product_brand":[],"product_cat":[798,136,125],"product_tag":[5271,7295,7294,803,5406,5374,106,208],"class_list":{"0":"post-19299","1":"product","2":"type-product","3":"status-publish","4":"has-post-thumbnail","6":"product_cat-cartoon-anime","7":"product_cat-fantasy","8":"product_cat-people","9":"product_tag-animated-characters","10":"product_tag-armor-detail","11":"product_tag-astrid","12":"product_tag-fantasy","13":"product_tag-hiccup","14":"product_tag-how-to-train-your-dragon","15":"product_tag-kids","16":"product_tag-smiling","18":"first","19":"instock","20":"downloadable","21":"virtual","22":"purchasable","23":"product-type-simple"},"aioseo_notices":[],"_links":{"self":[{"href":"https:\/\/pngate.com\/es\/wp-json\/wp\/v2\/product\/19299","targetHints":{"allow":["GET"]}}],"collection":[{"href":"https:\/\/pngate.com\/es\/wp-json\/wp\/v2\/product"}],"about":[{"href":"https:\/\/pngate.com\/es\/wp-json\/wp\/v2\/types\/product"}],"version-history":[{"count":0,"href":"https:\/\/pngate.com\/es\/wp-json\/wp\/v2\/product\/19299\/revisions"}],"wp:featuredmedia":[{"embeddable":true,"href":"https:\/\/pngate.com\/es\/wp-json\/wp\/v2\/media\/19298"}],"wp:attachment":[{"href":"https:\/\/pngate.com\/es\/wp-json\/wp\/v2\/media?parent=19299"}],"wp:term":[{"taxonomy":"product_brand","embeddable":true,"href":"https:\/\/pngate.com\/es\/wp-json\/wp\/v2\/product_brand?post=19299"},{"taxonomy":"product_cat","embeddable":true,"href":"https:\/\/pngate.com\/es\/wp-json\/wp\/v2\/product_cat?post=19299"},{"taxonomy":"product_tag","embeddable":true,"href":"https:\/\/pngate.com\/es\/wp-json\/wp\/v2\/product_tag?post=19299"}],"curies":[{"name":"wp","href":"https:\/\/api.w.org\/{rel}","templated":true}]}}