{"id":19308,"date":"2025-07-21T19:51:44","date_gmt":"2025-07-21T16:51:44","guid":{"rendered":"https:\/\/pngate.com\/product\/hiccup-how-to-train-your-dragon-character-animated-warrior-costume-free-png\/"},"modified":"2025-07-21T19:51:44","modified_gmt":"2025-07-21T16:51:44","slug":"hiccup-how-to-train-your-dragon-character-animated-warrior-costume-free-png","status":"publish","type":"product","link":"https:\/\/pngate.com\/es\/producto\/hiccup-how-to-train-your-dragon-character-animated-warrior-costume-free-png\/","title":{"rendered":"Disfraz de guerrero animado de Hipo de C\u00f3mo entrenar a tu drag\u00f3n (PNG) gratis"},"content":{"rendered":"<p>Este PNG de alta calidad muestra a Hipo de C\u00f3mo Entrenar a tu Drag\u00f3n, vestido con una detallada armadura animada que refleja su esp\u00edritu heroico. El fondo transparente facilita su integraci\u00f3n en diversos proyectos, ya sean invitaciones tem\u00e1ticas, ilustraciones o materiales educativos. El intrincado dise\u00f1o de la armadura evoca la trayectoria de Hipo como guerrero y l\u00edder, a\u00f1adiendo un toque de aventura a cualquier creaci\u00f3n.<\/p>","protected":false},"excerpt":{"rendered":"<p>Este PNG de alta calidad muestra a Hipo de C\u00f3mo entrenar a tu drag\u00f3n, vestido con una detallada armadura animada que refleja su esp\u00edritu heroico. El fondo transparente lo hace...<span class=\"excerpt-hellip\"> [\u2026]<\/span><\/p>","protected":false},"featured_media":19307,"template":"","meta":{"om_disable_all_campaigns":false,"_monsterinsights_skip_tracking":false,"_monsterinsights_sitenote_active":false,"_monsterinsights_sitenote_note":"","_monsterinsights_sitenote_category":0,"_uf_show_specific_survey":0,"_uf_disable_surveys":false},"product_brand":[],"product_cat":[798,136,135],"product_tag":[7300,895,386,1569,5406,5374],"class_list":{"0":"post-19308","1":"product","2":"type-product","3":"status-publish","4":"has-post-thumbnail","6":"product_cat-cartoon-anime","7":"product_cat-fantasy","8":"product_cat-gaming","9":"product_tag-animated-warrior","10":"product_tag-armor","11":"product_tag-character","12":"product_tag-costume","13":"product_tag-hiccup","14":"product_tag-how-to-train-your-dragon","16":"first","17":"instock","18":"downloadable","19":"virtual","20":"purchasable","21":"product-type-simple"},"aioseo_notices":[],"_links":{"self":[{"href":"https:\/\/pngate.com\/es\/wp-json\/wp\/v2\/product\/19308","targetHints":{"allow":["GET"]}}],"collection":[{"href":"https:\/\/pngate.com\/es\/wp-json\/wp\/v2\/product"}],"about":[{"href":"https:\/\/pngate.com\/es\/wp-json\/wp\/v2\/types\/product"}],"version-history":[{"count":0,"href":"https:\/\/pngate.com\/es\/wp-json\/wp\/v2\/product\/19308\/revisions"}],"wp:featuredmedia":[{"embeddable":true,"href":"https:\/\/pngate.com\/es\/wp-json\/wp\/v2\/media\/19307"}],"wp:attachment":[{"href":"https:\/\/pngate.com\/es\/wp-json\/wp\/v2\/media?parent=19308"}],"wp:term":[{"taxonomy":"product_brand","embeddable":true,"href":"https:\/\/pngate.com\/es\/wp-json\/wp\/v2\/product_brand?post=19308"},{"taxonomy":"product_cat","embeddable":true,"href":"https:\/\/pngate.com\/es\/wp-json\/wp\/v2\/product_cat?post=19308"},{"taxonomy":"product_tag","embeddable":true,"href":"https:\/\/pngate.com\/es\/wp-json\/wp\/v2\/product_tag?post=19308"}],"curies":[{"name":"wp","href":"https:\/\/api.w.org\/{rel}","templated":true}]}}