{"id":19318,"date":"2025-07-21T21:15:45","date_gmt":"2025-07-21T18:15:45","guid":{"rendered":"https:\/\/pngate.com\/product\/juneteenth-three-colored-hearts-freedom-day-celebration-free-png\/"},"modified":"2025-07-21T21:15:45","modified_gmt":"2025-07-21T18:15:45","slug":"juneteenth-three-colored-hearts-freedom-day-celebration-free-png","status":"publish","type":"product","link":"https:\/\/pngate.com\/es\/producto\/juneteenth-three-colored-hearts-freedom-day-celebration-free-png\/","title":{"rendered":"Celebraci\u00f3n del D\u00eda de la Libertad con tres corazones de colores de Juneteenth PNG gratis"},"content":{"rendered":"<p>Este vibrante PNG muestra tres corazones con los colores de la bandera panafricana, que simbolizan la unidad y la libertad. El coraz\u00f3n marr\u00f3n intenso representa a la comunidad afroamericana, mientras que los corazones verde y rojo reflejan esperanza y resiliencia. Perfecto para celebrar el Juneteenth, este dise\u00f1o a\u00f1ade un toque significativo y colorido a tus proyectos. La imagen tiene un fondo transparente, lo que la hace vers\u00e1til para diversas aplicaciones.<\/p>","protected":false},"excerpt":{"rendered":"<p>Este vibrante PNG muestra tres corazones con los colores de la bandera panafricana, que simbolizan la unidad y la libertad. El coraz\u00f3n marr\u00f3n intenso representa a la comunidad afroamericana.<span class=\"excerpt-hellip\"> [\u2026]<\/span><\/p>","protected":false},"featured_media":19317,"template":"","meta":{"om_disable_all_campaigns":false,"_monsterinsights_skip_tracking":false,"_monsterinsights_sitenote_active":false,"_monsterinsights_sitenote_note":"","_monsterinsights_sitenote_category":0,"_uf_show_specific_survey":0,"_uf_disable_surveys":false},"product_brand":[],"product_cat":[124,1739,128],"product_tag":[385,1239,1278,7309,176,2893,7301],"class_list":{"0":"post-19318","1":"product","2":"type-product","3":"status-publish","4":"has-post-thumbnail","6":"product_cat-clipart","7":"product_cat-hearts","8":"product_cat-holidays","9":"product_tag-art","10":"product_tag-celebration","11":"product_tag-culture","12":"product_tag-freedom-day","13":"product_tag-hearts","14":"product_tag-history","15":"product_tag-juneteenth","17":"first","18":"instock","19":"downloadable","20":"virtual","21":"purchasable","22":"product-type-simple"},"aioseo_notices":[],"_links":{"self":[{"href":"https:\/\/pngate.com\/es\/wp-json\/wp\/v2\/product\/19318","targetHints":{"allow":["GET"]}}],"collection":[{"href":"https:\/\/pngate.com\/es\/wp-json\/wp\/v2\/product"}],"about":[{"href":"https:\/\/pngate.com\/es\/wp-json\/wp\/v2\/types\/product"}],"version-history":[{"count":0,"href":"https:\/\/pngate.com\/es\/wp-json\/wp\/v2\/product\/19318\/revisions"}],"wp:featuredmedia":[{"embeddable":true,"href":"https:\/\/pngate.com\/es\/wp-json\/wp\/v2\/media\/19317"}],"wp:attachment":[{"href":"https:\/\/pngate.com\/es\/wp-json\/wp\/v2\/media?parent=19318"}],"wp:term":[{"taxonomy":"product_brand","embeddable":true,"href":"https:\/\/pngate.com\/es\/wp-json\/wp\/v2\/product_brand?post=19318"},{"taxonomy":"product_cat","embeddable":true,"href":"https:\/\/pngate.com\/es\/wp-json\/wp\/v2\/product_cat?post=19318"},{"taxonomy":"product_tag","embeddable":true,"href":"https:\/\/pngate.com\/es\/wp-json\/wp\/v2\/product_tag?post=19318"}],"curies":[{"name":"wp","href":"https:\/\/api.w.org\/{rel}","templated":true}]}}