{"id":19339,"date":"2025-07-22T13:04:27","date_gmt":"2025-07-22T10:04:27","guid":{"rendered":"https:\/\/pngate.com\/product\/labubu-toy-plush-bunny-figure-keychain-smiling-cute-free-png\/"},"modified":"2025-07-22T13:04:27","modified_gmt":"2025-07-22T10:04:27","slug":"labubu-toy-plush-bunny-figure-keychain-smiling-cute-free-png","status":"publish","type":"product","link":"https:\/\/pngate.com\/es\/producto\/labubu-toy-plush-bunny-figure-keychain-smiling-cute-free-png\/","title":{"rendered":"Llavero de conejito de peluche Labubu Toy, sonriente, lindo, PNG gratis"},"content":{"rendered":"<p>Este adorable llavero de conejito de peluche irradia encanto con su disfraz amarillo brillante y su alegre sonrisa. Perfecto para a\u00f1adir un toque de fantas\u00eda a tus bolsos o llaves, alegrar\u00e1 tu d\u00eda a d\u00eda. La imagen presenta un dise\u00f1o de alta calidad con fondo transparente en formato PNG, lo que facilita su incorporaci\u00f3n en diversos proyectos o art\u00edculos personales, realzando tu est\u00e9tica.<\/p>","protected":false},"excerpt":{"rendered":"<p>Este adorable llavero de conejito de peluche rebosa encanto con su disfraz amarillo brillante y su alegre sonrisa. Perfecto para a\u00f1adir un toque de fantas\u00eda a tus bolsos o...<span class=\"excerpt-hellip\"> [\u2026]<\/span><\/p>","protected":false},"featured_media":19338,"template":"","meta":{"om_disable_all_campaigns":false,"_monsterinsights_skip_tracking":false,"_monsterinsights_sitenote_active":false,"_monsterinsights_sitenote_note":"","_monsterinsights_sitenote_category":0,"_uf_show_specific_survey":0,"_uf_disable_surveys":false},"product_brand":[],"product_cat":[798,131,1733,1435],"product_tag":[1645,200,7314,5568,1157,208,644,7320],"class_list":{"0":"post-19339","1":"product","2":"type-product","3":"status-publish","4":"has-post-thumbnail","6":"product_cat-cartoon-anime","7":"product_cat-figures","8":"product_cat-gifts","9":"product_cat-toys","10":"product_tag-bunny","11":"product_tag-cute","12":"product_tag-keychain","13":"product_tag-labubu","14":"product_tag-plush","15":"product_tag-smiling","16":"product_tag-toy","17":"product_tag-yellow-costume","19":"first","20":"instock","21":"downloadable","22":"virtual","23":"purchasable","24":"product-type-simple"},"aioseo_notices":[],"_links":{"self":[{"href":"https:\/\/pngate.com\/es\/wp-json\/wp\/v2\/product\/19339","targetHints":{"allow":["GET"]}}],"collection":[{"href":"https:\/\/pngate.com\/es\/wp-json\/wp\/v2\/product"}],"about":[{"href":"https:\/\/pngate.com\/es\/wp-json\/wp\/v2\/types\/product"}],"version-history":[{"count":0,"href":"https:\/\/pngate.com\/es\/wp-json\/wp\/v2\/product\/19339\/revisions"}],"wp:featuredmedia":[{"embeddable":true,"href":"https:\/\/pngate.com\/es\/wp-json\/wp\/v2\/media\/19338"}],"wp:attachment":[{"href":"https:\/\/pngate.com\/es\/wp-json\/wp\/v2\/media?parent=19339"}],"wp:term":[{"taxonomy":"product_brand","embeddable":true,"href":"https:\/\/pngate.com\/es\/wp-json\/wp\/v2\/product_brand?post=19339"},{"taxonomy":"product_cat","embeddable":true,"href":"https:\/\/pngate.com\/es\/wp-json\/wp\/v2\/product_cat?post=19339"},{"taxonomy":"product_tag","embeddable":true,"href":"https:\/\/pngate.com\/es\/wp-json\/wp\/v2\/product_tag?post=19339"}],"curies":[{"name":"wp","href":"https:\/\/api.w.org\/{rel}","templated":true}]}}