{"id":19342,"date":"2025-07-22T13:49:04","date_gmt":"2025-07-22T10:49:04","guid":{"rendered":"https:\/\/pngate.com\/product\/realistic-coffee-cup-on-white-saucer-with-dark-brew-free-png\/"},"modified":"2025-07-22T13:49:04","modified_gmt":"2025-07-22T10:49:04","slug":"realistic-coffee-cup-on-white-saucer-with-dark-brew-free-png","status":"publish","type":"product","link":"https:\/\/pngate.com\/es\/producto\/realistic-coffee-cup-on-white-saucer-with-dark-brew-free-png\/","title":{"rendered":"Taza de caf\u00e9 realista sobre platillo blanco con caf\u00e9 oscuro (PNG gratis)"},"content":{"rendered":"<p>This image features a realistic coffee cup filled with rich dark brew, resting on a pristine white saucer. The enticing crema on top adds depth and character to the visual, evoking warmth and comfort. Perfect for coffee-themed projects, this PNG image has a transparent background, making it versatile and easy to integrate into various designs.<\/p>","protected":false},"excerpt":{"rendered":"<p>Esta imagen muestra una taza de caf\u00e9 realista llena de un caf\u00e9 intenso y oscuro, sobre un platillo blanco impecable. La atractiva crema en la parte superior a\u00f1ade profundidad y<span class=\"excerpt-hellip\"> [\u2026]<\/span><\/p>","protected":false},"featured_media":19341,"template":"","meta":{"om_disable_all_campaigns":false,"_monsterinsights_skip_tracking":false,"_monsterinsights_sitenote_active":false,"_monsterinsights_sitenote_note":"","_monsterinsights_sitenote_category":0,"_uf_show_specific_survey":0,"_uf_disable_surveys":false},"product_brand":[],"product_cat":[1713,1719,1740],"product_tag":[400,7323,402,7322,3555,3191,7321],"class_list":{"0":"post-19342","1":"product","2":"type-product","3":"status-publish","4":"has-post-thumbnail","6":"product_cat-coffee-cup","7":"product_cat-drinks","8":"product_cat-kitchenware","9":"product_tag-coffee","10":"product_tag-crema","11":"product_tag-cup","12":"product_tag-dark-brew","13":"product_tag-drinks","14":"product_tag-kitchenware","15":"product_tag-saucer","17":"first","18":"instock","19":"downloadable","20":"virtual","21":"purchasable","22":"product-type-simple"},"aioseo_notices":[],"_links":{"self":[{"href":"https:\/\/pngate.com\/es\/wp-json\/wp\/v2\/product\/19342","targetHints":{"allow":["GET"]}}],"collection":[{"href":"https:\/\/pngate.com\/es\/wp-json\/wp\/v2\/product"}],"about":[{"href":"https:\/\/pngate.com\/es\/wp-json\/wp\/v2\/types\/product"}],"version-history":[{"count":0,"href":"https:\/\/pngate.com\/es\/wp-json\/wp\/v2\/product\/19342\/revisions"}],"wp:featuredmedia":[{"embeddable":true,"href":"https:\/\/pngate.com\/es\/wp-json\/wp\/v2\/media\/19341"}],"wp:attachment":[{"href":"https:\/\/pngate.com\/es\/wp-json\/wp\/v2\/media?parent=19342"}],"wp:term":[{"taxonomy":"product_brand","embeddable":true,"href":"https:\/\/pngate.com\/es\/wp-json\/wp\/v2\/product_brand?post=19342"},{"taxonomy":"product_cat","embeddable":true,"href":"https:\/\/pngate.com\/es\/wp-json\/wp\/v2\/product_cat?post=19342"},{"taxonomy":"product_tag","embeddable":true,"href":"https:\/\/pngate.com\/es\/wp-json\/wp\/v2\/product_tag?post=19342"}],"curies":[{"name":"wp","href":"https:\/\/api.w.org\/{rel}","templated":true}]}}