{"id":19357,"date":"2025-07-22T17:33:59","date_gmt":"2025-07-22T14:33:59","guid":{"rendered":"https:\/\/pngate.com\/product\/u-s-polo-assn-logo-and-icon-monochrome-set-free-png\/"},"modified":"2025-07-22T17:33:59","modified_gmt":"2025-07-22T14:33:59","slug":"u-s-polo-assn-logo-and-icon-monochrome-set-free-png","status":"publish","type":"product","link":"https:\/\/pngate.com\/es\/producto\/u-s-polo-assn-logo-and-icon-monochrome-set-free-png\/","title":{"rendered":"Logotipo e \u00edcono monocrom\u00e1tico de la Asociaci\u00f3n de Polo de EE. UU. (PNG) gratis"},"content":{"rendered":"<p>This PNG image features the iconic U.S. Polo Assn. logo and accompanying icons in a sleek monochrome design. The image showcases the elegance of the sport through its dynamic horse and rider silhouettes, perfect for representing tradition and style. With a transparent background, this high-quality graphic is versatile for various applications, ensuring it blends seamlessly into your projects.<\/p>","protected":false},"excerpt":{"rendered":"<p>Esta imagen PNG presenta el ic\u00f3nico logotipo de la Asociaci\u00f3n de Polo de EE. UU. y los iconos que lo acompa\u00f1an en un elegante dise\u00f1o monocrom\u00e1tico. La imagen muestra la elegancia de este deporte.<span class=\"excerpt-hellip\"> [\u2026]<\/span><\/p>","protected":false},"featured_media":19356,"template":"","meta":{"om_disable_all_campaigns":false,"_monsterinsights_skip_tracking":false,"_monsterinsights_sitenote_active":false,"_monsterinsights_sitenote_note":"","_monsterinsights_sitenote_category":0,"_uf_show_specific_survey":0,"_uf_disable_surveys":false},"product_brand":[],"product_cat":[129,139],"product_tag":[1193,228,1522,7330,615,242,2261,902],"class_list":{"0":"post-19357","1":"product","2":"type-product","3":"status-publish","4":"has-post-thumbnail","6":"product_cat-logos","7":"product_cat-sports","8":"product_tag-brand","9":"product_tag-emblem","10":"product_tag-equestrian","11":"product_tag-legacy","12":"product_tag-monochrome","13":"product_tag-polo","14":"product_tag-silhouette","15":"product_tag-sports","17":"first","18":"instock","19":"downloadable","20":"virtual","21":"purchasable","22":"product-type-simple"},"aioseo_notices":[],"_links":{"self":[{"href":"https:\/\/pngate.com\/es\/wp-json\/wp\/v2\/product\/19357","targetHints":{"allow":["GET"]}}],"collection":[{"href":"https:\/\/pngate.com\/es\/wp-json\/wp\/v2\/product"}],"about":[{"href":"https:\/\/pngate.com\/es\/wp-json\/wp\/v2\/types\/product"}],"version-history":[{"count":0,"href":"https:\/\/pngate.com\/es\/wp-json\/wp\/v2\/product\/19357\/revisions"}],"wp:featuredmedia":[{"embeddable":true,"href":"https:\/\/pngate.com\/es\/wp-json\/wp\/v2\/media\/19356"}],"wp:attachment":[{"href":"https:\/\/pngate.com\/es\/wp-json\/wp\/v2\/media?parent=19357"}],"wp:term":[{"taxonomy":"product_brand","embeddable":true,"href":"https:\/\/pngate.com\/es\/wp-json\/wp\/v2\/product_brand?post=19357"},{"taxonomy":"product_cat","embeddable":true,"href":"https:\/\/pngate.com\/es\/wp-json\/wp\/v2\/product_cat?post=19357"},{"taxonomy":"product_tag","embeddable":true,"href":"https:\/\/pngate.com\/es\/wp-json\/wp\/v2\/product_tag?post=19357"}],"curies":[{"name":"wp","href":"https:\/\/api.w.org\/{rel}","templated":true}]}}