{"id":19481,"date":"2025-07-24T00:18:58","date_gmt":"2025-07-23T21:18:58","guid":{"rendered":"https:\/\/pngate.com\/product\/osu-logo-the-ohio-state-university-primary-mark-free-png\/"},"modified":"2025-07-24T00:18:58","modified_gmt":"2025-07-23T21:18:58","slug":"osu-logo-the-ohio-state-university-primary-mark-free-png","status":"publish","type":"product","link":"https:\/\/pngate.com\/es\/producto\/osu-logo-the-ohio-state-university-primary-mark-free-png\/","title":{"rendered":"Logotipo de Osu, marca primaria de la Universidad Estatal de Ohio, PNG gratis"},"content":{"rendered":"<p>Esta imagen presenta el logotipo principal de la Universidad Estatal de Ohio, con una llamativa &quot;O&quot; que simboliza orgullo y tradici\u00f3n. Las l\u00edneas limpias y los colores vibrantes del dise\u00f1o lo hacen ideal para materiales educativos, contenido promocional o art\u00edculos para aficionados. Con fondo transparente y en formato PNG, ofrece un uso vers\u00e1til tanto en proyectos digitales como impresos.<\/p>","protected":false},"excerpt":{"rendered":"<p>Esta imagen presenta el logotipo principal de la Universidad Estatal de Ohio, con una llamativa &quot;O&quot; que simboliza orgullo y tradici\u00f3n. Las l\u00edneas limpias y ricas del dise\u00f1o...<span class=\"excerpt-hellip\"> [\u2026]<\/span><\/p>","protected":false},"featured_media":19480,"template":"","meta":{"om_disable_all_campaigns":false,"_monsterinsights_skip_tracking":false,"_monsterinsights_sitenote_active":false,"_monsterinsights_sitenote_note":"","_monsterinsights_sitenote_category":0,"_uf_show_specific_survey":0,"_uf_disable_surveys":false},"product_brand":[],"product_cat":[1967,129,7383],"product_tag":[7380,7393,7394,7395],"class_list":{"0":"post-19481","1":"product","2":"type-product","3":"status-publish","4":"has-post-thumbnail","6":"product_cat-education","7":"product_cat-logos","8":"product_cat-universities","9":"product_tag-ohio-state-university","10":"product_tag-osu","11":"product_tag-primary-mark","12":"product_tag-university-logo","14":"first","15":"instock","16":"downloadable","17":"virtual","18":"purchasable","19":"product-type-simple"},"aioseo_notices":[],"_links":{"self":[{"href":"https:\/\/pngate.com\/es\/wp-json\/wp\/v2\/product\/19481","targetHints":{"allow":["GET"]}}],"collection":[{"href":"https:\/\/pngate.com\/es\/wp-json\/wp\/v2\/product"}],"about":[{"href":"https:\/\/pngate.com\/es\/wp-json\/wp\/v2\/types\/product"}],"version-history":[{"count":0,"href":"https:\/\/pngate.com\/es\/wp-json\/wp\/v2\/product\/19481\/revisions"}],"wp:featuredmedia":[{"embeddable":true,"href":"https:\/\/pngate.com\/es\/wp-json\/wp\/v2\/media\/19480"}],"wp:attachment":[{"href":"https:\/\/pngate.com\/es\/wp-json\/wp\/v2\/media?parent=19481"}],"wp:term":[{"taxonomy":"product_brand","embeddable":true,"href":"https:\/\/pngate.com\/es\/wp-json\/wp\/v2\/product_brand?post=19481"},{"taxonomy":"product_cat","embeddable":true,"href":"https:\/\/pngate.com\/es\/wp-json\/wp\/v2\/product_cat?post=19481"},{"taxonomy":"product_tag","embeddable":true,"href":"https:\/\/pngate.com\/es\/wp-json\/wp\/v2\/product_tag?post=19481"}],"curies":[{"name":"wp","href":"https:\/\/api.w.org\/{rel}","templated":true}]}}