{"id":19538,"date":"2025-07-27T03:52:18","date_gmt":"2025-07-27T00:52:18","guid":{"rendered":"https:\/\/pngate.com\/product\/netflix-logo-set-red-and-black-monochrome-free-png\/"},"modified":"2025-07-27T03:52:18","modified_gmt":"2025-07-27T00:52:18","slug":"netflix-logo-set-red-and-black-monochrome-free-png","status":"publish","type":"product","link":"https:\/\/pngate.com\/es\/producto\/netflix-logo-set-red-and-black-monochrome-free-png\/","title":{"rendered":"Logotipo de Netflix en formato PNG monocrom\u00e1tico rojo y negro gratis"},"content":{"rendered":"<p>Este llamativo conjunto de logotipos presenta la ic\u00f3nica marca Netflix en un atrevido dise\u00f1o monocrom\u00e1tico en rojo y negro. El contraste y la simplicidad de los colores lo convierten en una opci\u00f3n atractiva para diversas aplicaciones, desde materiales de marketing hasta productos promocionales. Con fondo transparente, este PNG es vers\u00e1til y f\u00e1cil de incorporar a cualquier proyecto, realzando el atractivo visual a la vez que mantiene una est\u00e9tica moderna.<\/p>","protected":false},"excerpt":{"rendered":"<p>This striking logo set features the iconic Netflix branding in a bold red and black monochrome design. The contrast and simplicity of the colors make it<span class=\"excerpt-hellip\"> [\u2026]<\/span><\/p>","protected":false},"featured_media":19537,"template":"","meta":{"om_disable_all_campaigns":false,"_monsterinsights_skip_tracking":false,"_monsterinsights_sitenote_active":false,"_monsterinsights_sitenote_note":"","_monsterinsights_sitenote_category":0,"_uf_show_specific_survey":0,"_uf_disable_surveys":false},"product_brand":[],"product_cat":[1973,129,137],"product_tag":[716,485,615,6198,4114],"class_list":{"0":"post-19538","1":"product","2":"type-product","3":"status-publish","4":"has-post-thumbnail","6":"product_cat-branding","7":"product_cat-logos","8":"product_cat-movies","9":"product_tag-branding","10":"product_tag-logo","11":"product_tag-monochrome","12":"product_tag-netflix","13":"product_tag-red-and-black","15":"first","16":"instock","17":"downloadable","18":"virtual","19":"purchasable","20":"product-type-simple"},"aioseo_notices":[],"_links":{"self":[{"href":"https:\/\/pngate.com\/es\/wp-json\/wp\/v2\/product\/19538","targetHints":{"allow":["GET"]}}],"collection":[{"href":"https:\/\/pngate.com\/es\/wp-json\/wp\/v2\/product"}],"about":[{"href":"https:\/\/pngate.com\/es\/wp-json\/wp\/v2\/types\/product"}],"version-history":[{"count":0,"href":"https:\/\/pngate.com\/es\/wp-json\/wp\/v2\/product\/19538\/revisions"}],"wp:featuredmedia":[{"embeddable":true,"href":"https:\/\/pngate.com\/es\/wp-json\/wp\/v2\/media\/19537"}],"wp:attachment":[{"href":"https:\/\/pngate.com\/es\/wp-json\/wp\/v2\/media?parent=19538"}],"wp:term":[{"taxonomy":"product_brand","embeddable":true,"href":"https:\/\/pngate.com\/es\/wp-json\/wp\/v2\/product_brand?post=19538"},{"taxonomy":"product_cat","embeddable":true,"href":"https:\/\/pngate.com\/es\/wp-json\/wp\/v2\/product_cat?post=19538"},{"taxonomy":"product_tag","embeddable":true,"href":"https:\/\/pngate.com\/es\/wp-json\/wp\/v2\/product_tag?post=19538"}],"curies":[{"name":"wp","href":"https:\/\/api.w.org\/{rel}","templated":true}]}}