{"id":2242,"date":"2023-10-10T17:40:34","date_gmt":"2023-10-10T14:40:34","guid":{"rendered":"https:\/?post_type=product&#038;p=2242"},"modified":"2025-07-14T18:06:05","modified_gmt":"2025-07-14T15:06:05","slug":"black-bats-and-spiders-pattern-for-halloween","status":"publish","type":"product","link":"https:\/\/pngate.com\/es\/producto\/patron-de-murcielagos-y-aranas-negros-para-halloween\/","title":{"rendered":"Patr\u00f3n de murci\u00e9lagos y ara\u00f1as negras para Halloween"},"content":{"rendered":"","protected":false},"excerpt":{"rendered":"","protected":false},"featured_media":2244,"template":"","meta":{"om_disable_all_campaigns":false,"_monsterinsights_skip_tracking":false,"_monsterinsights_sitenote_active":false,"_monsterinsights_sitenote_note":"","_monsterinsights_sitenote_category":0,"_uf_show_specific_survey":0,"_uf_disable_surveys":false},"product_brand":[],"product_cat":[124,1736,1661],"product_tag":[448,141,451,450,449],"class_list":{"0":"post-2242","1":"product","2":"type-product","3":"status-publish","4":"has-post-thumbnail","6":"product_cat-clipart","7":"product_cat-halloween","8":"product_cat-patterns","9":"product_tag-bats","10":"product_tag-black","11":"product_tag-halloween","12":"product_tag-pattern","13":"product_tag-spider","15":"first","16":"instock","17":"downloadable","18":"virtual","19":"purchasable","20":"product-type-simple"},"aioseo_notices":[],"_links":{"self":[{"href":"https:\/\/pngate.com\/es\/wp-json\/wp\/v2\/product\/2242","targetHints":{"allow":["GET"]}}],"collection":[{"href":"https:\/\/pngate.com\/es\/wp-json\/wp\/v2\/product"}],"about":[{"href":"https:\/\/pngate.com\/es\/wp-json\/wp\/v2\/types\/product"}],"version-history":[{"count":2,"href":"https:\/\/pngate.com\/es\/wp-json\/wp\/v2\/product\/2242\/revisions"}],"predecessor-version":[{"id":15586,"href":"https:\/\/pngate.com\/es\/wp-json\/wp\/v2\/product\/2242\/revisions\/15586"}],"wp:featuredmedia":[{"embeddable":true,"href":"https:\/\/pngate.com\/es\/wp-json\/wp\/v2\/media\/2244"}],"wp:attachment":[{"href":"https:\/\/pngate.com\/es\/wp-json\/wp\/v2\/media?parent=2242"}],"wp:term":[{"taxonomy":"product_brand","embeddable":true,"href":"https:\/\/pngate.com\/es\/wp-json\/wp\/v2\/product_brand?post=2242"},{"taxonomy":"product_cat","embeddable":true,"href":"https:\/\/pngate.com\/es\/wp-json\/wp\/v2\/product_cat?post=2242"},{"taxonomy":"product_tag","embeddable":true,"href":"https:\/\/pngate.com\/es\/wp-json\/wp\/v2\/product_tag?post=2242"}],"curies":[{"name":"wp","href":"https:\/\/api.w.org\/{rel}","templated":true}]}}