{"id":3475,"date":"2025-03-13T13:45:40","date_gmt":"2025-03-13T10:45:40","guid":{"rendered":"https:\/\/pngate.com\/?post_type=product&#038;p=3475"},"modified":"2025-07-14T18:09:55","modified_gmt":"2025-07-14T15:09:55","slug":"awa-world-heavyweight-wrestling-champion-belt-design-free-png-download","status":"publish","type":"product","link":"https:\/\/pngate.com\/es\/producto\/awa-world-heavyweight-wrestling-champion-belt-design-free-png-download\/","title":{"rendered":"Dise\u00f1o de cintur\u00f3n de campe\u00f3n mundial de lucha libre de peso pesado Awa \u2013 Descarga PNG gratuita"},"content":{"rendered":"","protected":false},"excerpt":{"rendered":"","protected":false},"featured_media":3474,"template":"","meta":{"om_disable_all_campaigns":false,"_monsterinsights_skip_tracking":false,"_monsterinsights_sitenote_active":false,"_monsterinsights_sitenote_note":"","_monsterinsights_sitenote_category":0,"_uf_show_specific_survey":0,"_uf_disable_surveys":false},"product_brand":[],"product_cat":[14,124,139],"product_tag":[890,891,892,901,905,906,907,908,900,909],"class_list":{"0":"post-3475","1":"product","2":"type-product","3":"status-publish","4":"has-post-thumbnail","6":"product_cat-icons","7":"product_cat-clipart","8":"product_cat-sports","9":"product_tag-awa","10":"product_tag-belt","11":"product_tag-champion","12":"product_tag-championship","13":"product_tag-heavyweight","14":"product_tag-render","15":"product_tag-sport","16":"product_tag-title","17":"product_tag-wrestling","18":"product_tag-wrestling-belt","20":"first","21":"instock","22":"downloadable","23":"virtual","24":"purchasable","25":"product-type-simple"},"aioseo_notices":[],"_links":{"self":[{"href":"https:\/\/pngate.com\/es\/wp-json\/wp\/v2\/product\/3475","targetHints":{"allow":["GET"]}}],"collection":[{"href":"https:\/\/pngate.com\/es\/wp-json\/wp\/v2\/product"}],"about":[{"href":"https:\/\/pngate.com\/es\/wp-json\/wp\/v2\/types\/product"}],"version-history":[{"count":2,"href":"https:\/\/pngate.com\/es\/wp-json\/wp\/v2\/product\/3475\/revisions"}],"predecessor-version":[{"id":15814,"href":"https:\/\/pngate.com\/es\/wp-json\/wp\/v2\/product\/3475\/revisions\/15814"}],"wp:featuredmedia":[{"embeddable":true,"href":"https:\/\/pngate.com\/es\/wp-json\/wp\/v2\/media\/3474"}],"wp:attachment":[{"href":"https:\/\/pngate.com\/es\/wp-json\/wp\/v2\/media?parent=3475"}],"wp:term":[{"taxonomy":"product_brand","embeddable":true,"href":"https:\/\/pngate.com\/es\/wp-json\/wp\/v2\/product_brand?post=3475"},{"taxonomy":"product_cat","embeddable":true,"href":"https:\/\/pngate.com\/es\/wp-json\/wp\/v2\/product_cat?post=3475"},{"taxonomy":"product_tag","embeddable":true,"href":"https:\/\/pngate.com\/es\/wp-json\/wp\/v2\/product_tag?post=3475"}],"curies":[{"name":"wp","href":"https:\/\/api.w.org\/{rel}","templated":true}]}}