{"id":6268,"date":"2025-05-06T00:10:39","date_gmt":"2025-05-05T21:10:39","guid":{"rendered":"https:\/\/pngate.com\/product\/hand-drawn-graph-paper-with-sketchy-grid-lines-free-png\/"},"modified":"2025-07-14T18:20:55","modified_gmt":"2025-07-14T15:20:55","slug":"hand-drawn-graph-paper-with-sketchy-grid-lines-free-png","status":"publish","type":"product","link":"https:\/\/pngate.com\/es\/producto\/hand-drawn-graph-paper-with-sketchy-grid-lines-free-png\/","title":{"rendered":"Papel cuadriculado dibujado a mano con l\u00edneas de cuadr\u00edcula esquem\u00e1ticas PNG gratis"},"content":{"rendered":"","protected":false},"excerpt":{"rendered":"","protected":false},"featured_media":6267,"template":"","meta":{"om_disable_all_campaigns":false,"_monsterinsights_skip_tracking":false,"_monsterinsights_sitenote_active":false,"_monsterinsights_sitenote_note":"","_monsterinsights_sitenote_category":0,"_uf_show_specific_survey":0,"_uf_disable_surveys":false},"product_brand":[],"product_cat":[1698,124,1737,1393,1661],"product_tag":[2818,2821,2801,2819,231,2820,2817],"class_list":{"0":"post-6268","1":"product","2":"type-product","3":"status-publish","4":"has-post-thumbnail","6":"product_cat-backgrounds","7":"product_cat-clipart","8":"product_cat-hand-drawn","9":"product_cat-office-stationery","10":"product_cat-patterns","11":"product_tag-artistic-design","12":"product_tag-creative-background","13":"product_tag-graph-paper","14":"product_tag-gray-grid","15":"product_tag-hand-drawn","16":"product_tag-imperfect-lines","17":"product_tag-sketchy-style","19":"first","20":"instock","21":"downloadable","22":"virtual","23":"purchasable","24":"product-type-simple"},"aioseo_notices":[],"_links":{"self":[{"href":"https:\/\/pngate.com\/es\/wp-json\/wp\/v2\/product\/6268","targetHints":{"allow":["GET"]}}],"collection":[{"href":"https:\/\/pngate.com\/es\/wp-json\/wp\/v2\/product"}],"about":[{"href":"https:\/\/pngate.com\/es\/wp-json\/wp\/v2\/types\/product"}],"version-history":[{"count":1,"href":"https:\/\/pngate.com\/es\/wp-json\/wp\/v2\/product\/6268\/revisions"}],"predecessor-version":[{"id":16466,"href":"https:\/\/pngate.com\/es\/wp-json\/wp\/v2\/product\/6268\/revisions\/16466"}],"wp:featuredmedia":[{"embeddable":true,"href":"https:\/\/pngate.com\/es\/wp-json\/wp\/v2\/media\/6267"}],"wp:attachment":[{"href":"https:\/\/pngate.com\/es\/wp-json\/wp\/v2\/media?parent=6268"}],"wp:term":[{"taxonomy":"product_brand","embeddable":true,"href":"https:\/\/pngate.com\/es\/wp-json\/wp\/v2\/product_brand?post=6268"},{"taxonomy":"product_cat","embeddable":true,"href":"https:\/\/pngate.com\/es\/wp-json\/wp\/v2\/product_cat?post=6268"},{"taxonomy":"product_tag","embeddable":true,"href":"https:\/\/pngate.com\/es\/wp-json\/wp\/v2\/product_tag?post=6268"}],"curies":[{"name":"wp","href":"https:\/\/api.w.org\/{rel}","templated":true}]}}