{"id":6328,"date":"2025-05-06T15:10:50","date_gmt":"2025-05-06T12:10:50","guid":{"rendered":"https:\/\/pngate.com\/product\/red-christmas-baubles-set-glossy-and-matte-clipart-free-png\/"},"modified":"2025-07-14T18:21:18","modified_gmt":"2025-07-14T15:21:18","slug":"red-christmas-baubles-set-glossy-and-matte-clipart-free-png","status":"publish","type":"product","link":"https:\/\/pngate.com\/es\/producto\/red-christmas-baubles-set-glossy-and-matte-clipart-free-png\/","title":{"rendered":"Juego de bolas navide\u00f1as rojas (im\u00e1genes predise\u00f1adas brillantes y mate)"},"content":{"rendered":"","protected":false},"excerpt":{"rendered":"","protected":false},"featured_media":6327,"template":"","meta":{"om_disable_all_campaigns":false,"_monsterinsights_skip_tracking":false,"_monsterinsights_sitenote_active":false,"_monsterinsights_sitenote_note":"","_monsterinsights_sitenote_category":0,"_uf_show_specific_survey":0,"_uf_disable_surveys":false},"product_brand":[],"product_cat":[1709,124,128],"product_tag":[2863,2030,1491,24,1568,1643,2864,2865],"class_list":{"0":"post-6328","1":"product","2":"type-product","3":"status-publish","4":"has-post-thumbnail","6":"product_cat-christmas","7":"product_cat-clipart","8":"product_cat-holidays","9":"product_tag-baubles","10":"product_tag-christmas","11":"product_tag-clipart","12":"product_tag-decoration","13":"product_tag-glossy","14":"product_tag-holiday","15":"product_tag-matte","16":"product_tag-ornaments","18":"first","19":"instock","20":"downloadable","21":"virtual","22":"purchasable","23":"product-type-simple"},"aioseo_notices":[],"_links":{"self":[{"href":"https:\/\/pngate.com\/es\/wp-json\/wp\/v2\/product\/6328","targetHints":{"allow":["GET"]}}],"collection":[{"href":"https:\/\/pngate.com\/es\/wp-json\/wp\/v2\/product"}],"about":[{"href":"https:\/\/pngate.com\/es\/wp-json\/wp\/v2\/types\/product"}],"version-history":[{"count":1,"href":"https:\/\/pngate.com\/es\/wp-json\/wp\/v2\/product\/6328\/revisions"}],"predecessor-version":[{"id":16486,"href":"https:\/\/pngate.com\/es\/wp-json\/wp\/v2\/product\/6328\/revisions\/16486"}],"wp:featuredmedia":[{"embeddable":true,"href":"https:\/\/pngate.com\/es\/wp-json\/wp\/v2\/media\/6327"}],"wp:attachment":[{"href":"https:\/\/pngate.com\/es\/wp-json\/wp\/v2\/media?parent=6328"}],"wp:term":[{"taxonomy":"product_brand","embeddable":true,"href":"https:\/\/pngate.com\/es\/wp-json\/wp\/v2\/product_brand?post=6328"},{"taxonomy":"product_cat","embeddable":true,"href":"https:\/\/pngate.com\/es\/wp-json\/wp\/v2\/product_cat?post=6328"},{"taxonomy":"product_tag","embeddable":true,"href":"https:\/\/pngate.com\/es\/wp-json\/wp\/v2\/product_tag?post=6328"}],"curies":[{"name":"wp","href":"https:\/\/api.w.org\/{rel}","templated":true}]}}