{"id":7038,"date":"2025-05-11T14:24:04","date_gmt":"2025-05-11T11:24:04","guid":{"rendered":"https:\/\/pngate.com\/product\/gumroad-payment-method-button-graphic-free-png\/"},"modified":"2025-07-14T18:24:14","modified_gmt":"2025-07-14T15:24:14","slug":"gumroad-payment-method-button-graphic-free-png","status":"publish","type":"product","link":"https:\/\/pngate.com\/es\/producto\/gumroad-payment-method-button-graphic-free-png\/","title":{"rendered":"Bot\u00f3n de m\u00e9todo de pago de Gumroad (gr\u00e1fico PNG gratuito)"},"content":{"rendered":"","protected":false},"excerpt":{"rendered":"","protected":false},"featured_media":7037,"template":"","meta":{"om_disable_all_campaigns":false,"_monsterinsights_skip_tracking":false,"_monsterinsights_sitenote_active":false,"_monsterinsights_sitenote_note":"","_monsterinsights_sitenote_category":0,"_uf_show_specific_survey":0,"_uf_disable_surveys":false},"product_brand":[],"product_cat":[1706,129,130],"product_tag":[3332,1295,3325,3334,3281,3295,3333],"class_list":{"0":"post-7038","1":"product","2":"type-product","3":"status-publish","4":"has-post-thumbnail","6":"product_cat-buttons-ui","7":"product_cat-logos","8":"product_cat-social-web","9":"product_tag-digital-sales","10":"product_tag-e-commerce","11":"product_tag-gumroad","12":"product_tag-online-business","13":"product_tag-payment-method","14":"product_tag-ui-button","15":"product_tag-website-design","17":"first","18":"instock","19":"downloadable","20":"virtual","21":"purchasable","22":"product-type-simple"},"aioseo_notices":[],"_links":{"self":[{"href":"https:\/\/pngate.com\/es\/wp-json\/wp\/v2\/product\/7038","targetHints":{"allow":["GET"]}}],"collection":[{"href":"https:\/\/pngate.com\/es\/wp-json\/wp\/v2\/product"}],"about":[{"href":"https:\/\/pngate.com\/es\/wp-json\/wp\/v2\/types\/product"}],"version-history":[{"count":1,"href":"https:\/\/pngate.com\/es\/wp-json\/wp\/v2\/product\/7038\/revisions"}],"predecessor-version":[{"id":16666,"href":"https:\/\/pngate.com\/es\/wp-json\/wp\/v2\/product\/7038\/revisions\/16666"}],"wp:featuredmedia":[{"embeddable":true,"href":"https:\/\/pngate.com\/es\/wp-json\/wp\/v2\/media\/7037"}],"wp:attachment":[{"href":"https:\/\/pngate.com\/es\/wp-json\/wp\/v2\/media?parent=7038"}],"wp:term":[{"taxonomy":"product_brand","embeddable":true,"href":"https:\/\/pngate.com\/es\/wp-json\/wp\/v2\/product_brand?post=7038"},{"taxonomy":"product_cat","embeddable":true,"href":"https:\/\/pngate.com\/es\/wp-json\/wp\/v2\/product_cat?post=7038"},{"taxonomy":"product_tag","embeddable":true,"href":"https:\/\/pngate.com\/es\/wp-json\/wp\/v2\/product_tag?post=7038"}],"curies":[{"name":"wp","href":"https:\/\/api.w.org\/{rel}","templated":true}]}}